{"id":230764,"date":"2021-07-14T14:09:57","date_gmt":"2021-07-14T14:09:57","guid":{"rendered":"https:\/\/holonext.com\/demo\/"},"modified":"2021-07-15T20:18:21","modified_gmt":"2021-07-15T20:18:21","slug":"demo","status":"publish","type":"page","link":"https:\/\/holonext.com\/tr\/demo\/","title":{"rendered":"Demo"},"content":{"rendered":"<p>[et_pb_section fb_built=&#8221;1&#8243; _builder_version=&#8221;4.9.4&#8243; _module_preset=&#8221;default&#8221; custom_padding=&#8221;||0px||false|false&#8221;][et_pb_row column_structure=&#8221;1_2,1_2&#8243; _builder_version=&#8221;4.9.4&#8243; _module_preset=&#8221;default&#8221; custom_padding=&#8221;||0px||false|false&#8221;][et_pb_column type=&#8221;1_2&#8243; _builder_version=&#8221;4.9.4&#8243; _module_preset=&#8221;default&#8221;][et_pb_text _builder_version=&#8221;4.9.7&#8243; _module_preset=&#8221;default&#8221; header_font_size=&#8221;48px&#8221;]<\/p>\n<h1>\u00d6rnek AR modeller<\/h1>\n<p>\u00dcr\u00fcnlerinizi Art\u0131r\u0131lm\u0131\u015f Ger\u00e7eklik (AR) teknolojisi ile g\u00f6r\u00fcnt\u00fclemek hi\u00e7 bu kadar kolay olmam\u0131\u015ft\u0131. Model resimlerinin \u00fczerine t\u0131klayarak AR ve 3D modunda g\u00f6rebilirsiniz. Herhangi bir uygulama indirmeye gerek kalmadan.<\/p>\n<p>[\/et_pb_text][\/et_pb_column][et_pb_column type=&#8221;1_2&#8243; _builder_version=&#8221;4.9.4&#8243; _module_preset=&#8221;default&#8221;]<\/p>\n<p>[et_pb_video src=&#8221;https:\/\/holonext.com\/wp-content\/uploads\/2021\/05\/mainvideo-.mp4&#8243; src_webm=&#8221;https:\/\/holonext.com\/wp-content\/uploads\/2021\/04\/mainvideo-.webm&#8221; module_class=&#8221;lwp-video-autoplay&#8221; _builder_version=&#8221;4.9.7&#8243; _module_preset=&#8221;default&#8221; hover_enabled=&#8221;0&#8243; title_text=&#8221;mainvideo-&#8221; sticky_enabled=&#8221;0&#8243;][\/et_pb_video]<\/p>\n<p>[\/et_pb_column][\/et_pb_row][\/et_pb_section][et_pb_section fb_built=&#8221;1&#8243; _builder_version=&#8221;4.9.4&#8243; _module_preset=&#8221;default&#8221;][et_pb_row column_structure=&#8221;1_3,1_3,1_3&#8243; _builder_version=&#8221;4.9.4&#8243; _module_preset=&#8221;default&#8221;][et_pb_column type=&#8221;1_3&#8243; _builder_version=&#8221;4.9.4&#8243; _module_preset=&#8221;default&#8221;][et_pb_image src=&#8221;https:\/\/holonext.com\/wp-content\/uploads\/2021\/07\/tablepc.jpg&#8221; title_text=&#8221;AR_tablet&#8221; url=&#8221;https:\/\/static.holonext.com\/tabletpc.html&#8221; url_new_window=&#8221;on&#8221; _builder_version=&#8221;4.9.7&#8243; _module_preset=&#8221;default&#8221;][\/et_pb_image][et_pb_image src=&#8221;https:\/\/holonext.com\/wp-content\/uploads\/2021\/07\/400c.jpg&#8221; title_text=&#8221;400c&#8221; url=&#8221;https:\/\/static.holonext.com\/tv.html&#8221; url_new_window=&#8221;on&#8221; _builder_version=&#8221;4.9.7&#8243; _module_preset=&#8221;default&#8221;][\/et_pb_image][et_pb_image src=&#8221;https:\/\/holonext.com\/wp-content\/uploads\/2021\/07\/refrigerator.jpg&#8221; title_text=&#8221;refrigerator_augmented_reality&#8221; url=&#8221;https:\/\/static.holonext.com\/refrigerator.html&#8221; url_new_window=&#8221;on&#8221; _builder_version=&#8221;4.9.7&#8243; _module_preset=&#8221;default&#8221;][\/et_pb_image][et_pb_image src=&#8221;https:\/\/holonext.com\/wp-content\/uploads\/2021\/07\/gamingheadset.jpg&#8221; title_text=&#8221;gaming_headset_augmented_reality&#8221; url=&#8221;https:\/\/static.holonext.com\/gamingheadphone.html&#8221; url_new_window=&#8221;on&#8221; _builder_version=&#8221;4.9.7&#8243; _module_preset=&#8221;default&#8221;][\/et_pb_image][et_pb_image src=&#8221;https:\/\/holonext.com\/wp-content\/uploads\/2021\/07\/coffeemachine1.jpg&#8221; title_text=&#8221;coffee_machine_ar&#8221; url=&#8221;https:\/\/static.holonext.com\/coffeemachine1.html&#8221; url_new_window=&#8221;on&#8221; _builder_version=&#8221;4.9.7&#8243; _module_preset=&#8221;default&#8221;][\/et_pb_image][et_pb_image src=&#8221;https:\/\/holonext.com\/wp-content\/uploads\/2021\/07\/painting1.jpg&#8221; title_text=&#8221;painting-augmented-reality&#8221; url=&#8221;https:\/\/static.holonext.com\/painting1.html&#8221; url_new_window=&#8221;on&#8221; _builder_version=&#8221;4.9.7&#8243; _module_preset=&#8221;default&#8221;][\/et_pb_image][\/et_pb_column][et_pb_column type=&#8221;1_3&#8243; _builder_version=&#8221;4.9.4&#8243; _module_preset=&#8221;default&#8221;][et_pb_image src=&#8221;https:\/\/holonext.com\/wp-content\/uploads\/2021\/07\/headphone.jpg&#8221; title_text=&#8221;AR_headphone&#8221; url=&#8221;https:\/\/static.holonext.com\/headphone.html&#8221; url_new_window=&#8221;on&#8221; _builder_version=&#8221;4.9.7&#8243; _module_preset=&#8221;default&#8221;][\/et_pb_image][et_pb_image src=&#8221;https:\/\/holonext.com\/wp-content\/uploads\/2021\/07\/Untitled-1-1.jpg&#8221; title_text=&#8221;AR_tea&#8221; url=&#8221;https:\/\/static.holonext.com\/teamachine.html&#8221; url_new_window=&#8221;on&#8221; _builder_version=&#8221;4.9.7&#8243; _module_preset=&#8221;default&#8221;][\/et_pb_image][et_pb_image src=&#8221;https:\/\/holonext.com\/wp-content\/uploads\/2021\/07\/Android_phone.jpg&#8221; title_text=&#8221;Android_phone_augmented_reality&#8221; url=&#8221;https:\/\/static.holonext.com\/mobilephone.html&#8221; url_new_window=&#8221;on&#8221; _builder_version=&#8221;4.9.7&#8243; _module_preset=&#8221;default&#8221;][\/et_pb_image][et_pb_image src=&#8221;https:\/\/holonext.com\/wp-content\/uploads\/2021\/07\/cookingmachine.jpg&#8221; title_text=&#8221;cooking_machine_augmented_reality&#8221; url=&#8221;https:\/\/static.holonext.com\/cookingmachine.html&#8221; url_new_window=&#8221;on&#8221; _builder_version=&#8221;4.9.7&#8243; _module_preset=&#8221;default&#8221;][\/et_pb_image][et_pb_image src=&#8221;https:\/\/holonext.com\/wp-content\/uploads\/2021\/07\/apple_watch.jpg&#8221; title_text=&#8221;apple_watch_augmented_reality&#8221; url=&#8221;https:\/\/static.holonext.com\/applewatch.html&#8221; url_new_window=&#8221;on&#8221; _builder_version=&#8221;4.9.7&#8243; _module_preset=&#8221;default&#8221;][\/et_pb_image][et_pb_image src=&#8221;https:\/\/holonext.com\/wp-content\/uploads\/2021\/07\/painting2.jpg&#8221; title_text=&#8221;augmented-reality-painting&#8221; url=&#8221;https:\/\/static.holonext.com\/painting2.html&#8221; url_new_window=&#8221;on&#8221; _builder_version=&#8221;4.9.7&#8243; _module_preset=&#8221;default&#8221;][\/et_pb_image][\/et_pb_column][et_pb_column type=&#8221;1_3&#8243; _builder_version=&#8221;4.9.4&#8243; _module_preset=&#8221;default&#8221;][et_pb_image src=&#8221;https:\/\/holonext.com\/wp-content\/uploads\/2021\/07\/iphone.jpg&#8221; title_text=&#8221;AR_iphone12&#8243; url=&#8221;https:\/\/static.holonext.com\/iphone12blue.html&#8221; url_new_window=&#8221;on&#8221; _builder_version=&#8221;4.9.7&#8243; _module_preset=&#8221;default&#8221;][\/et_pb_image][et_pb_image src=&#8221;https:\/\/holonext.com\/wp-content\/uploads\/2021\/07\/1.jpg&#8221; title_text=&#8221;AR_sound&#8221; url=&#8221;https:\/\/static.holonext.com\/soundbar.html&#8221; url_new_window=&#8221;on&#8221; _builder_version=&#8221;4.9.7&#8243; _module_preset=&#8221;default&#8221;][\/et_pb_image][et_pb_image src=&#8221;https:\/\/holonext.com\/wp-content\/uploads\/2021\/07\/iphone11.jpg&#8221; title_text=&#8221;iphone11_augmented_reality&#8221; url=&#8221;https:\/\/static.holonext.com\/iphone11red.html&#8221; url_new_window=&#8221;on&#8221; _builder_version=&#8221;4.9.7&#8243; _module_preset=&#8221;default&#8221;][\/et_pb_image][et_pb_image src=&#8221;https:\/\/holonext.com\/wp-content\/uploads\/2021\/07\/coffeemachine.jpg&#8221; title_text=&#8221;coffee_machine_augmented_reality&#8221; url=&#8221;https:\/\/static.holonext.com\/coffeemachine.html&#8221; url_new_window=&#8221;on&#8221; _builder_version=&#8221;4.9.7&#8243; _module_preset=&#8221;default&#8221;][\/et_pb_image][et_pb_image src=&#8221;https:\/\/holonext.com\/wp-content\/uploads\/2021\/07\/apple_airpod.jpg&#8221; title_text=&#8221;apple_airpod_augmented_reality&#8221; url=&#8221;https:\/\/static.holonext.com\/appleairpods.html&#8221; url_new_window=&#8221;on&#8221; _builder_version=&#8221;4.9.7&#8243; _module_preset=&#8221;default&#8221;][\/et_pb_image][et_pb_image src=&#8221;https:\/\/holonext.com\/wp-content\/uploads\/2021\/07\/painting3.jpg&#8221; title_text=&#8221;AR-painting&#8221; url=&#8221;https:\/\/static.holonext.com\/painting3.html&#8221; url_new_window=&#8221;on&#8221; _builder_version=&#8221;4.9.7&#8243; _module_preset=&#8221;default&#8221;][\/et_pb_image][\/et_pb_column][\/et_pb_row][\/et_pb_section]<\/p>\n","protected":false},"excerpt":{"rendered":"<p>\u00d6rnek AR modeller \u00dcr\u00fcnlerinizi Art\u0131r\u0131lm\u0131\u015f Ger\u00e7eklik (AR) teknolojisi ile g\u00f6r\u00fcnt\u00fclemek hi\u00e7 bu kadar kolay olmam\u0131\u015ft\u0131. Model resimlerinin \u00fczerine t\u0131klayarak AR ve 3D modunda g\u00f6rebilirsiniz. Herhangi bir uygulama indirmeye gerek kalmadan.<\/p>\n","protected":false},"author":1,"featured_media":0,"parent":0,"menu_order":0,"comment_status":"closed","ping_status":"closed","template":"","meta":{"_et_pb_use_builder":"on","_et_pb_old_content":"","_et_gb_content_width":"","footnotes":""},"class_list":["post-230764","page","type-page","status-publish","hentry"],"_links":{"self":[{"href":"https:\/\/holonext.com\/tr\/wp-json\/wp\/v2\/pages\/230764","targetHints":{"allow":["GET"]}}],"collection":[{"href":"https:\/\/holonext.com\/tr\/wp-json\/wp\/v2\/pages"}],"about":[{"href":"https:\/\/holonext.com\/tr\/wp-json\/wp\/v2\/types\/page"}],"author":[{"embeddable":true,"href":"https:\/\/holonext.com\/tr\/wp-json\/wp\/v2\/users\/1"}],"replies":[{"embeddable":true,"href":"https:\/\/holonext.com\/tr\/wp-json\/wp\/v2\/comments?post=230764"}],"version-history":[{"count":5,"href":"https:\/\/holonext.com\/tr\/wp-json\/wp\/v2\/pages\/230764\/revisions"}],"predecessor-version":[{"id":230900,"href":"https:\/\/holonext.com\/tr\/wp-json\/wp\/v2\/pages\/230764\/revisions\/230900"}],"wp:attachment":[{"href":"https:\/\/holonext.com\/tr\/wp-json\/wp\/v2\/media?parent=230764"}],"curies":[{"name":"wp","href":"https:\/\/api.w.org\/{rel}","templated":true}]}}