{"id":230384,"date":"2021-04-07T20:35:40","date_gmt":"2021-04-07T20:35:40","guid":{"rendered":"https:\/\/holonext.com\/about-us\/"},"modified":"2021-05-03T14:22:36","modified_gmt":"2021-05-03T14:22:36","slug":"hakkimizda","status":"publish","type":"page","link":"https:\/\/holonext.com\/tr\/hakkimizda\/","title":{"rendered":"About Us"},"content":{"rendered":"<p>[et_pb_section fb_built=&#8221;1&#8243; _builder_version=&#8221;4.9.3&#8243; _module_preset=&#8221;default&#8221;][et_pb_row _builder_version=&#8221;4.9.3&#8243; _module_preset=&#8221;default&#8221;][et_pb_column type=&#8221;4_4&#8243; _builder_version=&#8221;4.9.3&#8243; _module_preset=&#8221;default&#8221;][et_pb_text _builder_version=&#8221;4.9.3&#8243; _module_preset=&#8221;default&#8221; header_font_size=&#8221;51px&#8221;]<\/p>\n<h1>HoloNext Hakk\u0131nda<\/h1>\n<p>[\/et_pb_text][\/et_pb_column][\/et_pb_row][et_pb_row _builder_version=&#8221;4.9.3&#8243; _module_preset=&#8221;default&#8221;][et_pb_column type=&#8221;4_4&#8243; _builder_version=&#8221;4.9.3&#8243; _module_preset=&#8221;default&#8221;][et_pb_text _builder_version=&#8221;4.9.3&#8243; _module_preset=&#8221;default&#8221;]<\/p>\n<p>HoloNext Art\u0131r\u0131lm\u0131\u015f Ger\u00e7eklik (Augmented Reality) AR alan\u0131nda, kurumlara ve son kullan\u0131c\u0131lara y\u00f6nelik yaz\u0131l\u0131m \u00fcr\u00fcnleri ve \u00e7\u00f6z\u00fcmler sunan bir teknoloji firmas\u0131d\u0131r. Art\u0131r\u0131lm\u0131\u015f Ger\u00e7eklik (AR) tabanl\u0131 IoT servislerinden, \u00e7evirim i\u00e7i al\u0131\u015fveri\u015f uygulamalar\u0131na, AR i\u00e7erikli e\u011fitimlerden ileri seviye End\u00fcstri 4.0 \u00e7\u00f6z\u00fcmlerine kadar farkl\u0131 sekt\u00f6rlere y\u00f6nelik AR \u00e7\u00f6z\u00fcmler sunuyoruz.\u00a0<\/p>\n<p>[\/et_pb_text][\/et_pb_column][\/et_pb_row][et_pb_row column_structure=&#8221;1_2,1_2&#8243; _builder_version=&#8221;4.9.3&#8243; _module_preset=&#8221;default&#8221;][et_pb_column type=&#8221;1_2&#8243; _builder_version=&#8221;4.9.3&#8243; _module_preset=&#8221;default&#8221;][et_pb_text _builder_version=&#8221;4.9.3&#8243; _module_preset=&#8221;default&#8221; header_font_size=&#8221;32px&#8221;]<\/p>\n<h1>Vizyon<\/h1>\n<p>H\u0131zla geli\u015fmekte olan Yapay Zek\u00e2 (Artificial Intelligence) ve Derin \u00d6\u011frenme (Deep Learning) teknolojileri, insan ve makine etkile\u015fimini hayat\u0131m\u0131z\u0131n merkezine konumland\u0131rm\u0131\u015f durumda. Gelecekte kendi kendine \u00f6\u011frenebilen ve karar verebilen makinelerin d\u00fcnyas\u0131nda, insanl\u0131k hi\u00e7 olmad\u0131\u011f\u0131 kadar anl\u0131k bilgiye eri\u015fime ve bu eri\u015fimi fiziksel d\u00fcnyan\u0131n s\u0131n\u0131rlar\u0131na ba\u011fl\u0131 kalmaks\u0131z\u0131n ger\u00e7ekle\u015ftirebilmeye muhta\u00e7. HoloNext olarak vizyonumuz, gelece\u011fin d\u00fcnyas\u0131nda insan ve makine etkile\u015fimini zenginle\u015ftirici kapsay\u0131c\u0131 teknolojiler geli\u015ftiren lider k\u00fcresel firma olmak. Amac\u0131m\u0131z hem insanlar\u0131n h\u0131zl\u0131 bir \u015fekilde fiziksel d\u00fcnyay\u0131 AR teknolojileri ile zenginle\u015ftirerek bilgiye ula\u015fmas\u0131n\u0131 sa\u011flayabilmek hem de makinelerin fiziksel d\u00fcnyay\u0131 alg\u0131layabilecekleri ve insanlar ile etkile\u015fimde bulunabilecekleri kapsay\u0131c\u0131 sistem ve teknolojiler tasarlamak. \u00c7\u00fcnk\u00fc inan\u0131yoruz ki makine ve insan etkile\u015fimini kontrol edebilenler, gelece\u011fin d\u00fcnyas\u0131nda da s\u00f6z sahibi olacaklar.<\/p>\n<p>[\/et_pb_text][\/et_pb_column][et_pb_column type=&#8221;1_2&#8243; _builder_version=&#8221;4.9.3&#8243; _module_preset=&#8221;default&#8221;][et_pb_text _builder_version=&#8221;4.9.3&#8243; _module_preset=&#8221;default&#8221; header_font_size=&#8221;32px&#8221;]<\/p>\n<h1>K\u00fclt\u00fcr<\/h1>\n<p>HoloNext ekibi olarak bizler gelece\u011fin d\u00fcnyas\u0131n\u0131 \u015fekillendirmek isteyen bir grup hayal tutkunuyuz. Bu y\u00fczden yarat\u0131c\u0131l\u0131k ve hayal g\u00fcc\u00fc k\u00fclt\u00fcr\u00fcm\u00fcz\u00fcn en \u00f6ncelikli temel de\u011ferlerindendir. 20. y\u00fczy\u0131la ait hiyerar\u015fi d\u00fczeni ve k\u0131dem k\u00fclt\u00fcr\u00fcn\u00fc bir kenara b\u0131rak\u0131n. E\u011fer yenilik\u00e7i bir fikre veya var olan bir sistemi daha iyi hale getiren bir yakla\u015f\u0131ma sahipseniz, pozisyonunuzdan ba\u011f\u0131ms\u0131z olarak her zaman ilk s\u00f6z\u00fc s\u00f6yleme hakk\u0131na siz sahip olursunuz. \u00c7\u00fcnk\u00fc \u00e7evresini ve d\u00fcnyay\u0131 de\u011fi\u015ftirmek \u00fczere yola \u00e7\u0131kan insanlar\u0131n en \u00f6ncelikli ihtiya\u00e7lar\u0131n\u0131n, hayallerini \u00f6zg\u00fcrce ba\u015fkalar\u0131 ile payla\u015fabilecekleri ve onlar\u0131 ger\u00e7e\u011fe d\u00f6n\u00fc\u015ft\u00fcrebilecekleri ortamlar oldu\u011funa inan\u0131yoruz. Ayn\u0131 zamanda biliyoruz ki birbirleri ile uyumlu bir \u015fekilde \u00e7al\u0131\u015fabilen ve sahip olduklar\u0131 farkl\u0131l\u0131klar\u0131 zenginlik olarak de\u011ferlendirebilen ekiplerin ba\u015faramayaca\u011f\u0131 \u015fey, yarat\u0131c\u0131l\u0131klar\u0131n\u0131n ise s\u0131n\u0131rlar\u0131 yoktur. Zorluklar\u0131 birlikte g\u00f6\u011f\u00fcslemek ve birlikte ba\u015farmak bizce s\u0131n\u0131rl\u0131 bireysel ba\u015far\u0131lardan \u00fcst\u00fcnd\u00fcr. Eskilerin s\u00f6yledi\u011fi gibi Roma \u0130mparatorlu\u011fu tek bir g\u00fcnde kurulmad\u0131\u011f\u0131 gibi ayn\u0131 zamanda tek bir ki\u015fi taraf\u0131ndan da kurulmad\u0131. Gelece\u011fin d\u00fcnyas\u0131n\u0131 birlikte tasarlamak ve yeni nesil teknolojilerin s\u0131n\u0131rlar\u0131n\u0131 ke\u015ffetmek i\u00e7in sen de aram\u0131za kat\u0131l.<\/p>\n<p>[\/et_pb_text][\/et_pb_column][\/et_pb_row][\/et_pb_section]<\/p>\n","protected":false},"excerpt":{"rendered":"<p>HoloNext Hakk\u0131ndaHoloNext Art\u0131r\u0131lm\u0131\u015f Ger\u00e7eklik (Augmented Reality) AR alan\u0131nda, kurumlara ve son kullan\u0131c\u0131lara y\u00f6nelik yaz\u0131l\u0131m \u00fcr\u00fcnleri ve \u00e7\u00f6z\u00fcmler sunan bir teknoloji firmas\u0131d\u0131r. Art\u0131r\u0131lm\u0131\u015f Ger\u00e7eklik (AR) tabanl\u0131 IoT servislerinden, \u00e7evirim i\u00e7i al\u0131\u015fveri\u015f uygulamalar\u0131na, AR i\u00e7erikli e\u011fitimlerden ileri seviye End\u00fcstri 4.0 \u00e7\u00f6z\u00fcmlerine kadar farkl\u0131 sekt\u00f6rlere y\u00f6nelik AR \u00e7\u00f6z\u00fcmler sunuyoruz.\u00a0Vizyon H\u0131zla geli\u015fmekte olan Yapay Zek\u00e2 (Artificial Intelligence) ve Derin [&hellip;]<\/p>\n","protected":false},"author":1,"featured_media":0,"parent":0,"menu_order":0,"comment_status":"closed","ping_status":"closed","template":"","meta":{"_et_pb_use_builder":"on","_et_pb_old_content":"","_et_gb_content_width":"","footnotes":""},"class_list":["post-230384","page","type-page","status-publish","hentry"],"_links":{"self":[{"href":"https:\/\/holonext.com\/tr\/wp-json\/wp\/v2\/pages\/230384","targetHints":{"allow":["GET"]}}],"collection":[{"href":"https:\/\/holonext.com\/tr\/wp-json\/wp\/v2\/pages"}],"about":[{"href":"https:\/\/holonext.com\/tr\/wp-json\/wp\/v2\/types\/page"}],"author":[{"embeddable":true,"href":"https:\/\/holonext.com\/tr\/wp-json\/wp\/v2\/users\/1"}],"replies":[{"embeddable":true,"href":"https:\/\/holonext.com\/tr\/wp-json\/wp\/v2\/comments?post=230384"}],"version-history":[{"count":5,"href":"https:\/\/holonext.com\/tr\/wp-json\/wp\/v2\/pages\/230384\/revisions"}],"predecessor-version":[{"id":230505,"href":"https:\/\/holonext.com\/tr\/wp-json\/wp\/v2\/pages\/230384\/revisions\/230505"}],"wp:attachment":[{"href":"https:\/\/holonext.com\/tr\/wp-json\/wp\/v2\/media?parent=230384"}],"curies":[{"name":"wp","href":"https:\/\/api.w.org\/{rel}","templated":true}]}}