{"id":230365,"date":"2021-04-05T17:25:05","date_gmt":"2021-04-05T17:25:05","guid":{"rendered":"https:\/\/holonext.com\/holonext-cookie-policy\/"},"modified":"2021-04-07T20:25:55","modified_gmt":"2021-04-07T20:25:55","slug":"holonext-cerez-politikasi","status":"publish","type":"page","link":"https:\/\/holonext.com\/tr\/holonext-cerez-politikasi\/","title":{"rendered":"HoloNext \u00c7erez Politikas\u0131"},"content":{"rendered":"<h2><strong>HoloNext \u00c7erez Politikas\u0131<\/strong><\/h2>\n<p>&nbsp;<\/p>\n<p>HoloNext olarak internet sitelerimizden en verimli \u015fekilde faydalanabilmeniz ve kullan\u0131c\u0131 deneyiminizi geli\u015ftirebilmek i\u00e7in \u00e7erezler kullanmaktay\u0131z. \u00c7erez kullan\u0131lmas\u0131n\u0131 tercih etmezseniz taray\u0131c\u0131n\u0131z\u0131n ayarlar\u0131ndan \u00e7erezleri silebilir ya da engelleyebilirsiniz. Ancak bunun internet sitelerimizin kullan\u0131m\u0131n\u0131z\u0131 etkileyebilece\u011fini hat\u0131rlatmak isteriz. Taray\u0131c\u0131n\u0131zdan \u00e7erez ayarlar\u0131n\u0131z\u0131 de\u011fi\u015ftirmedi\u011finiz s\u00fcrece internet sitelerimizde \u00e7erez kullan\u0131m\u0131n\u0131 kabul etti\u011finizi varsayaca\u011f\u0131z. Toplanan verilerle ilgili d\u00fczenlemelere internet sitelerimizde yer alan Ayd\u0131nlatma Metninden ula\u015fabilirsiniz.<\/p>\n<p>&nbsp;<\/p>\n<p>\u0130nternet taray\u0131c\u0131n\u0131z\u0131n \u00e7e\u015fidine g\u00f6re a\u015fa\u011f\u0131daki ad\u0131mlar\u0131 izleyerek, \u00e7erezler hakk\u0131nda bilgi edinip, izin verme veya reddetme hakk\u0131n\u0131z\u0131 kullanabilirsiniz:<\/p>\n<p><strong>Google Chrome<\/strong>: Browser\u2019\u0131n\u0131z\u0131n \u201cadres b\u00f6l\u00fcm\u00fcnde\u201d yer alan, \u201ckilit i\u015fareti\u201d veya \u201ci\u201d harfini t\u0131klayarak, \u201cCookie\u201d sekmesinden \u00e7erezlere izin verebilir veya bloke edebilirsiniz.<\/p>\n<p><strong>Internet Explorer<\/strong>: Browser\u2019\u0131n\u0131z\u0131n sa\u011f \u00fcst k\u00f6\u015fesinde yer alan \u201cTool\u201d veya \u201cAra\u00e7lar\u201d B\u00f6l\u00fcm\u00fcnden \u201cG\u00fcvenlik\u201d sekmesini t\u0131klay\u0131n ve \u201cizin ver\u201d veya \u201cizin verme\u201d \u015feklinde \u00e7erez y\u00f6netimizi ger\u00e7ekle\u015ftirin.<\/p>\n<p><strong>Mozilla Firefox<\/strong>: Browser\u2019\u0131n\u0131z\u0131n sa\u011f \u00fcst k\u00f6\u015fesinde yer alan \u201cmen\u00fcy\u00fc a\u00e7\u201d sekmesini t\u0131klay\u0131n\u0131z. \u201cSe\u00e7enekler\u201d g\u00f6rselini t\u0131klayarak \u201cGizlilik ve G\u00fcvenlik\u201d butonunu kullanarak \u00e7erez y\u00f6netiminizi yap\u0131n\u0131z.<\/p>\n<p><strong>Di\u011fer browserlar<\/strong> i\u00e7in de (opera, microsoft edge gibi), ilgili browser\u2019\u0131n yard\u0131m veya destek sayfalar\u0131n\u0131 inceleyebilirsiniz.<\/p>\n<p><strong>Safari:<\/strong> Telefonunuzun \u201cAyarlar\u201d b\u00f6l\u00fcm\u00fcnden \u201csafari\u201d sekmesini se\u00e7ip, \u201cGizlilik ve G\u00fcvenlik\u201d B\u00f6l\u00fcm\u00fcnden t\u00fcm \u00e7erez y\u00f6netiminizi sa\u011flayabilirsiniz.<\/p>\n<p>Yukar\u0131daki se\u00e7eneklerin yan\u0131 s\u0131ra; t\u00fcm \u00e7erezler hakk\u0131nda bilgi sahibi olmak ve \u00e7erez y\u00f6netimi i\u00e7in:\u00a0<a href=\"https:\/\/www.allaboutcookies.org\/\" target=\"_blank\" rel=\"noopener\">https:\/\/www.allaboutcookies.org<\/a> adresini ziyaret edebilirsiniz.<\/p>\n<p>&nbsp;<\/p>\n<p>Kal\u0131c\u0131 \u00e7erezleri veya oturum \u00e7erezlerini reddederseniz, web sitesini, mobil uygulamay\u0131 ve mobil sitesini kullanmaya devam edebilirsiniz fakat web sitesinin, mobil uygulaman\u0131n ve mobil sitesinin t\u00fcm i\u015flevlerine eri\u015femeyebilirsiniz veya eri\u015fiminiz s\u0131n\u0131rl\u0131 olabilir. Mobil uygulamada s\u00f6z konusu durum de\u011fi\u015fkenlik g\u00f6sterebilmektedir.<\/p>\n<p>&nbsp;<\/p>\n<h2><strong>\u00c7erez \u00c7e\u015fitleri<\/strong><\/h2>\n<p><strong>Oturum \u00c7erezleri:<\/strong>\u00a0Holonext taraf\u0131ndan i\u015fletilen platformlar\u0131n\u0131n web sitesinde, mobil uygulamas\u0131nda ve mobil sitesinde kullan\u0131m s\u00fcrelerine g\u00f6re, oturum \u00e7erezleri ve kal\u0131c\u0131 \u00e7erezler kullanmaktad\u0131r. Oturum \u00e7erezi, taray\u0131c\u0131n\u0131z\u0131 kapatt\u0131\u011f\u0131n\u0131zda sona erer. Kal\u0131c\u0131 \u00e7erez ise sabit diskinizde uzun bir s\u00fcre veya s\u00fcresiz olarak kal\u0131r.<\/p>\n<p><strong>\u00c7erezin sahibi veya \u00e7erezi yerle\u015ftiren tarafa g\u00f6re \u00e7erez \u00e7e\u015fitleri:<\/strong>\u00a0 Holonext \u00e7erezleri, Holonext taraf\u0131ndan olu\u015fturulurken, \u00fc\u00e7\u00fcnc\u00fc taraf \u00e7erezleri ise i\u015fbirli\u011fi yapt\u0131\u011f\u0131m\u0131z \u00fc\u00e7\u00fcnc\u00fc taraf firmalar taraf\u0131ndan y\u00f6netilmektedir.<\/p>\n<p><strong>Kullan\u0131m ama\u00e7lar\u0131na g\u00f6re \u00e7erez \u00e7e\u015fitleri:<\/strong>\u00a0Holonext taraf\u0131ndan i\u015fletilen platformlar\u0131n\u0131n web sitesinde, mobil uygulamas\u0131nda ve mobil sitesinde kullan\u0131m amac\u0131na g\u00f6re; teknik \u00e7erezler, do\u011frulama \u00e7erezleri, hedefleme\/reklam \u00e7erezleri, ki\u015fiselle\u015ftirme \u00e7erezleri ve analitik \u00e7erezler kullan\u0131lmaktad\u0131r. Holonext bu \u00e7erezleri kullanarak; \u00dcyelerini birbirinden ay\u0131ran \u00f6zellikleri belirleyerek, tercih ve be\u011fenilerine uygun kampanya ve reklam yapmak amac\u0131yla \u00dcyeleri b\u00fcy\u00fck gruplara ay\u0131rarak, ya\u015f, cinsiyet, ders kategorileri, mobil kullan\u0131m oran\u0131 gibi al\u0131\u015fkanl\u0131klar\u0131n\u0131 tespit etmeye y\u00f6nelik istatistiksel \u00e7al\u0131\u015fmalar yapmaktad\u0131r.<\/p>\n<p>Holonext\u2019nin web sitesinde yer alan \u00e7erezlere ili\u015fkin bilgiler a\u015fa\u011f\u0131daki tablolarda yer almaktad\u0131r:<\/p>\n<table>\n<tbody>\n<tr>\n<td width=\"101\"><strong>\u00c7erez Sa\u011flay\u0131c\u0131<\/strong><\/td>\n<td width=\"140\"><strong>\u00c7erez \u0130smi<\/strong><\/td>\n<td width=\"149\"><strong>\u00c7erez Amac\u0131<\/strong><\/td>\n<td width=\"74\"><strong>\u00c7erez Tipi<\/strong><\/td>\n<td width=\"129\"><strong>\u00c7erez S\u00fcresi<\/strong><\/td>\n<\/tr>\n<tr>\n<td width=\"101\">Holonext<\/td>\n<td width=\"140\">__cfduid<\/td>\n<td width=\"149\">Websitesi ve kullan\u0131c\u0131 g\u00fcvenli\u011fi i\u00e7in<\/td>\n<td width=\"74\">HTTP<\/td>\n<td width=\"129\">Her siteye kullan\u0131c\u0131 giri\u015fi ile g\u00fcncellenir. Maksimum 1 y\u0131l<\/td>\n<\/tr>\n<tr>\n<td width=\"101\">Holonext<\/td>\n<td width=\"140\">__cfduid<\/p>\n<p>&nbsp;<\/td>\n<td width=\"149\">Websitesi ve kullan\u0131c\u0131 g\u00fcvenli\u011fi i\u00e7in<\/td>\n<td width=\"74\">HTTP<\/td>\n<td width=\"129\">Her siteye kullan\u0131c\u0131 giri\u015fi ile g\u00fcncellenir. Maksimum 1 y\u0131l<\/td>\n<\/tr>\n<tr>\n<td width=\"101\">Holonext<\/td>\n<td width=\"140\">__cfduid<\/td>\n<td width=\"149\">Websitesi ve kullan\u0131c\u0131 g\u00fcvenli\u011fi i\u00e7in<\/td>\n<td width=\"74\">HTTP<\/td>\n<td width=\"129\">Her siteye kullan\u0131c\u0131 giri\u015fi ile g\u00fcncellenir. Maksimum 1 y\u0131l<\/td>\n<\/tr>\n<tr>\n<td width=\"101\">Holonext<\/td>\n<td width=\"140\">__cfduid<\/td>\n<td width=\"149\">Websitesi ve kullan\u0131c\u0131 g\u00fcvenli\u011fi i\u00e7in<\/td>\n<td width=\"74\">HTTP<\/td>\n<td width=\"129\">Her siteye kullan\u0131c\u0131 giri\u015fi ile g\u00fcncellenir. Maksimum 1 y\u0131l<\/td>\n<\/tr>\n<tr>\n<td width=\"101\">Holonext<\/td>\n<td width=\"140\">__cfduid<\/td>\n<td width=\"149\">Websitesi ve kullan\u0131c\u0131 g\u00fcvenli\u011fi i\u00e7in<\/td>\n<td width=\"74\">HTTP<\/td>\n<td width=\"129\">Her siteye kullan\u0131c\u0131 giri\u015fi ile g\u00fcncellenir. Maksimum 1 y\u0131l<\/td>\n<\/tr>\n<tr>\n<td width=\"101\">Holonext<\/td>\n<td width=\"140\">__cfduid<\/td>\n<td width=\"149\">\u00dcye giri\u015flerinin g\u00fcvenli bir \u015fekilde y\u00fcr\u00fct\u00fclmesi ve spam tespiti i\u00e7in<\/td>\n<td width=\"74\">HTTP<\/td>\n<td width=\"129\">Her siteye kullan\u0131c\u0131 giri\u015fi ile g\u00fcncellenir. Maksimum 1 y\u0131l<\/td>\n<\/tr>\n<tr>\n<td width=\"101\">Holonext<\/td>\n<td width=\"140\">JSESSIONID<\/td>\n<td width=\"149\">Kullan\u0131c\u0131lara sayfa isteklerinde durumlar\u0131n\u0131 saklamak i\u00e7in<\/td>\n<td width=\"74\">HTTP<\/td>\n<td width=\"129\">Her siteye kullan\u0131c\u0131 giri\u015fi ile g\u00fcncellenir. Oturum s\u00fcresince saklan\u0131r<\/td>\n<\/tr>\n<tr>\n<td width=\"101\">Holonext<\/td>\n<td width=\"140\">__ab12#<\/td>\n<td width=\"149\">Kullan\u0131c\u0131 istek y\u00f6netimi i\u00e7in<\/td>\n<td width=\"74\">HTTP<\/td>\n<td width=\"129\">Her siteye kullan\u0131c\u0131 giri\u015fi ile g\u00fcncellenir. Maksimum 1 g\u00fcn<\/td>\n<\/tr>\n<tr>\n<td width=\"101\">Hubspot<\/td>\n<td width=\"140\">__hluid<\/td>\n<td width=\"149\">Kullan\u0131c\u0131lara e\u015fsiz bir tan\u0131mlay\u0131c\u0131 atanarak cihaz ve davran\u0131\u015f analizi i\u00e7in<\/td>\n<td width=\"74\">HTTP<\/td>\n<td width=\"129\">Her siteye kullan\u0131c\u0131 giri\u015fi ile g\u00fcncellenir. Maksimum 1y\u0131l<\/td>\n<\/tr>\n<tr>\n<td width=\"101\">Hubspot<\/td>\n<td width=\"140\">__hmpl<\/td>\n<td width=\"149\">Kullan\u0131c\u0131lar\u0131n kampanyalar ile etkili\u015fimlerinin takibi i\u00e7in<\/td>\n<td width=\"74\">HTML<\/td>\n<td width=\"129\">&nbsp;<\/p>\n<p>Kal\u0131c\u0131<\/td>\n<\/tr>\n<tr>\n<td width=\"101\">Holonext<\/td>\n<td width=\"140\">__hssrc<\/td>\n<td width=\"149\">Kullan\u0131c\u0131\u2019ya ili\u015fkin tan\u0131mlay\u0131c\u0131lar\u0131n istatistiki takibinin yap\u0131l\u0131p yap\u0131lmamas\u0131 i\u00e7in<\/td>\n<td width=\"74\">HTTP<\/td>\n<td width=\"129\">Oturum S\u00fcresince<\/td>\n<\/tr>\n<tr>\n<td width=\"101\">Hubspot<\/td>\n<td width=\"140\">HUBLYTICS_EVENTS_53<\/td>\n<td width=\"149\">Kullan\u0131c\u0131lara atanan tan\u0131mlay\u0131c\u0131lar ile birden fazla websitesi \u00fczerinde takip yap\u0131larak hedefli pazarlama yap\u0131lmas\u0131<\/td>\n<td width=\"74\">HTML<\/td>\n<td width=\"129\">Kal\u0131c\u0131<\/td>\n<\/tr>\n<tr>\n<td width=\"101\">Hubspot<\/td>\n<td width=\"140\">_hjIncludedInSample<\/td>\n<td width=\"149\">Kullan\u0131c\u0131\u2019ya ili\u015fkin tan\u0131mlay\u0131c\u0131lar\u0131n istatistiki takibinin yap\u0131l\u0131p yap\u0131lmamas\u0131 i\u00e7in<\/td>\n<td width=\"74\">HTTP<\/td>\n<td width=\"129\">Oturum s\u00fcresince.<\/td>\n<\/tr>\n<tr>\n<td width=\"101\">Holonext<\/td>\n<td width=\"140\">hubspotutk<\/td>\n<td width=\"149\">Kullan\u0131c\u0131lara tan\u0131mlay\u0131c\u0131lar atanarak kimli\u011fini tespit etmek i\u00e7in<\/td>\n<td width=\"74\">Pixel<\/td>\n<td width=\"129\">Her siteye kullan\u0131c\u0131 giri\u015fi ile g\u00fcncellenir. Maksimum 1y\u0131l<\/td>\n<\/tr>\n<tr>\n<td width=\"101\">Google<\/td>\n<td width=\"140\">collect<\/td>\n<td width=\"149\">Cihaz bilgilerinin Google Analytics ile payla\u015f\u0131lmas\u0131 ve takip edilmesi i\u00e7in<\/td>\n<td width=\"74\">Pixel<\/td>\n<td width=\"129\">Oturum s\u00fcresince.<\/td>\n<\/tr>\n<\/tbody>\n<\/table>\n<p>&nbsp;<\/p>\n<p>&nbsp;<\/p>\n<p>&nbsp;<\/p>\n<p>&nbsp;<\/p>\n<p>&nbsp;<\/p>\n<p>&nbsp;<\/p>\n<p>&nbsp;<\/p>\n<p>&nbsp;<\/p>\n<p>&nbsp;<\/p>\n<p>&nbsp;<\/p>\n<p>&nbsp;<\/p>\n<p>&nbsp;<\/p>\n<p>&nbsp;<\/p>\n<p>&nbsp;<\/p>\n<p>&nbsp;<\/p>\n<p>&nbsp;<\/p>\n","protected":false},"excerpt":{"rendered":"<p>HoloNext \u00c7erez Politikas\u0131 &nbsp; HoloNext olarak internet sitelerimizden en verimli \u015fekilde faydalanabilmeniz ve kullan\u0131c\u0131 deneyiminizi geli\u015ftirebilmek i\u00e7in \u00e7erezler kullanmaktay\u0131z. \u00c7erez kullan\u0131lmas\u0131n\u0131 tercih etmezseniz taray\u0131c\u0131n\u0131z\u0131n ayarlar\u0131ndan \u00e7erezleri silebilir ya da engelleyebilirsiniz. Ancak bunun internet sitelerimizin kullan\u0131m\u0131n\u0131z\u0131 etkileyebilece\u011fini hat\u0131rlatmak isteriz. Taray\u0131c\u0131n\u0131zdan \u00e7erez ayarlar\u0131n\u0131z\u0131 de\u011fi\u015ftirmedi\u011finiz s\u00fcrece internet sitelerimizde \u00e7erez kullan\u0131m\u0131n\u0131 kabul etti\u011finizi varsayaca\u011f\u0131z. Toplanan verilerle ilgili d\u00fczenlemelere internet [&hellip;]<\/p>\n","protected":false},"author":1,"featured_media":0,"parent":0,"menu_order":0,"comment_status":"closed","ping_status":"closed","template":"","meta":{"_et_pb_use_builder":"","_et_pb_old_content":"","_et_gb_content_width":"","footnotes":""},"class_list":["post-230365","page","type-page","status-publish","hentry"],"_links":{"self":[{"href":"https:\/\/holonext.com\/tr\/wp-json\/wp\/v2\/pages\/230365","targetHints":{"allow":["GET"]}}],"collection":[{"href":"https:\/\/holonext.com\/tr\/wp-json\/wp\/v2\/pages"}],"about":[{"href":"https:\/\/holonext.com\/tr\/wp-json\/wp\/v2\/types\/page"}],"author":[{"embeddable":true,"href":"https:\/\/holonext.com\/tr\/wp-json\/wp\/v2\/users\/1"}],"replies":[{"embeddable":true,"href":"https:\/\/holonext.com\/tr\/wp-json\/wp\/v2\/comments?post=230365"}],"version-history":[{"count":1,"href":"https:\/\/holonext.com\/tr\/wp-json\/wp\/v2\/pages\/230365\/revisions"}],"predecessor-version":[{"id":230366,"href":"https:\/\/holonext.com\/tr\/wp-json\/wp\/v2\/pages\/230365\/revisions\/230366"}],"wp:attachment":[{"href":"https:\/\/holonext.com\/tr\/wp-json\/wp\/v2\/media?parent=230365"}],"curies":[{"name":"wp","href":"https:\/\/api.w.org\/{rel}","templated":true}]}}