{"id":230306,"date":"2021-04-07T19:18:15","date_gmt":"2021-04-07T19:18:15","guid":{"rendered":"https:\/\/holonext.com\/fiyatlandirma\/"},"modified":"2022-02-22T17:07:52","modified_gmt":"2022-02-22T17:07:52","slug":"fiyatlandirma","status":"publish","type":"page","link":"https:\/\/holonext.com\/tr\/fiyatlandirma\/","title":{"rendered":"Fiyatland\u0131rma"},"content":{"rendered":"<p>[et_pb_section fb_built=&#8221;1&#8243; _builder_version=&#8221;4.8.2&#8243; _module_preset=&#8221;default&#8221; global_colors_info=&#8221;{}&#8221;][et_pb_row column_structure=&#8221;1_3,1_3,1_3&#8243; _builder_version=&#8221;4.8.2&#8243; _module_preset=&#8221;default&#8221; global_colors_info=&#8221;{}&#8221;][et_pb_column type=&#8221;1_3&#8243; _builder_version=&#8221;4.8.2&#8243; _module_preset=&#8221;default&#8221; global_colors_info=&#8221;{}&#8221;][et_pb_pricing_tables _builder_version=&#8221;4.10.8&#8243; _module_preset=&#8221;default&#8221; link_option_url=&#8221;https:\/\/holonext.com\/iletisim\/?lang=tr&#8221; global_colors_info=&#8221;{}&#8221;][et_pb_pricing_table title=&#8221;Ba\u015flang\u0131\u00e7&#8221; subtitle=&#8221;K\u00fc\u00e7\u00fck ve Orta \u00d6l\u00e7ekli \u0130\u015fletmeler&#8221; sum=&#8221;Bize Ula\u015f\u0131n&#8221; button_url=&#8221;#&#8221; button_text=&#8221;Bu Plan\u0131 Se\u00e7&#8221; bullet_color=&#8221;#2da3d7&#8243; header_background_color=&#8221;RGBA(0,0,0,0)&#8221; _builder_version=&#8221;4.10.8&#8243; _module_preset=&#8221;default&#8221; price_text_color=&#8221;#2DA3D7&#8243; header_font=&#8221;Roboto|900|||||||&#8221; header_text_align=&#8221;left&#8221; header_text_color=&#8221;#000000&#8243; header_font_size=&#8221;36px&#8221; subheader_text_align=&#8221;left&#8221; subheader_text_color=&#8221;#a0a0a0&#8243; price_font=&#8221;Roboto|900|||||||&#8221; price_text_align=&#8221;left&#8221; price_font_size=&#8221;35px&#8221; price_line_height=&#8221;1px&#8221; currency_frequency_font=&#8221;Roboto|900|||||||&#8221; currency_frequency_text_color=&#8221;#2DA3D7&#8243; currency_frequency_font_size=&#8221;20px&#8221; currency_frequency_line_height=&#8221;1.4em&#8221; background_color=&#8221;RGBA(0,0,0,0)&#8221; background_enable_color=&#8221;on&#8221; custom_button=&#8221;on&#8221; button_text_size=&#8221;18px&#8221; button_text_color=&#8221;#FFFFFF&#8221; button_bg_color=&#8221;#2DA3D7&#8243; button_border_width=&#8221;2px&#8221; button_border_color=&#8221;#2DA3D7&#8243; button_alignment=&#8221;left&#8221; custom_padding=&#8221;|||20px|false|false&#8221; hover_enabled=&#8221;0&#8243; border_style_all=&#8221;none&#8221; box_shadow_style=&#8221;preset1&#8243; global_colors_info=&#8221;{}&#8221; sticky_transition=&#8221;on&#8221; sticky_enabled=&#8221;0&#8243;]<\/p>\n<p>+50 \u00dcr\u00fcn<br \/>+50000 G\u00f6r\u00fcnt\u00fclenme<br \/>+WebAR<br \/>+Animasyon Eklentisi<br \/>+Analitik Raporlama<br \/>+E-mail Yard\u0131m<\/p>\n<p>[\/et_pb_pricing_table][\/et_pb_pricing_tables][\/et_pb_column][et_pb_column type=&#8221;1_3&#8243; _builder_version=&#8221;4.8.2&#8243; _module_preset=&#8221;default&#8221; global_colors_info=&#8221;{}&#8221;][et_pb_pricing_tables featured_table_background_color=&#8221;RGBA(0,0,0,0)&#8221; show_featured_drop_shadow=&#8221;off&#8221; _builder_version=&#8221;4.10.8&#8243; _module_preset=&#8221;default&#8221; link_option_url=&#8221;https:\/\/holonext.com\/iletisim\/?lang=tr&#8221; global_colors_info=&#8221;{}&#8221;][et_pb_pricing_table title=&#8221;Profesyonel&#8221; subtitle=&#8221;Large Enterprises&#8221; sum=&#8221;Bize Ula\u015f\u0131n&#8221; button_url=&#8221;#&#8221; button_text=&#8221;Bu Plan\u0131 Se\u00e7&#8221; bullet_color=&#8221;#2da3d7&#8243; header_background_color=&#8221;RGBA(0,0,0,0)&#8221; _builder_version=&#8221;4.10.8&#8243; _module_preset=&#8221;default&#8221; price_text_color=&#8221;#2DA3D7&#8243; header_font=&#8221;Roboto|900|||||||&#8221; header_text_align=&#8221;left&#8221; header_text_color=&#8221;#000000&#8243; header_font_size=&#8221;36px&#8221; subheader_text_align=&#8221;left&#8221; subheader_text_color=&#8221;#a0a0a0&#8243; price_font=&#8221;Roboto|900|||||||&#8221; price_text_align=&#8221;left&#8221; price_font_size=&#8221;35px&#8221; price_line_height=&#8221;1px&#8221; currency_frequency_font=&#8221;Roboto|900|||||||&#8221; currency_frequency_text_color=&#8221;#2DA3D7&#8243; currency_frequency_font_size=&#8221;20px&#8221; currency_frequency_line_height=&#8221;1.4em&#8221; background_color=&#8221;RGBA(0,0,0,0)&#8221; background_enable_color=&#8221;on&#8221; custom_button=&#8221;on&#8221; button_text_size=&#8221;18px&#8221; button_text_color=&#8221;#FFFFFF&#8221; button_bg_color=&#8221;#2DA3D7&#8243; button_border_width=&#8221;2px&#8221; button_border_color=&#8221;#2DA3D7&#8243; button_alignment=&#8221;left&#8221; custom_padding=&#8221;|||20px|false|false&#8221; hover_enabled=&#8221;0&#8243; border_style_all=&#8221;none&#8221; box_shadow_style=&#8221;preset1&#8243; global_colors_info=&#8221;{}&#8221; sticky_transition=&#8221;on&#8221; sticky_enabled=&#8221;0&#8243;]<\/p>\n<p>+150 \u00dcr\u00fcn<\/p>\n<p>+150000 G\u00f6r\u00fcnt\u00fclenme<\/p>\n<p>+WebAR<\/p>\n<p>+Animasyon Eklentisi<\/p>\n<p>+Analitik Raporlama<\/p>\n<p>+7\/24 Canl\u0131 Destek<\/p>\n<p>[\/et_pb_pricing_table][\/et_pb_pricing_tables][\/et_pb_column][et_pb_column type=&#8221;1_3&#8243; _builder_version=&#8221;4.8.2&#8243; _module_preset=&#8221;default&#8221; global_colors_info=&#8221;{}&#8221;][et_pb_pricing_tables _builder_version=&#8221;4.10.8&#8243; _module_preset=&#8221;default&#8221; link_option_url=&#8221;https:\/\/holonext.com\/iletisim\/?lang=tr&#8221; hover_enabled=&#8221;0&#8243; global_colors_info=&#8221;{}&#8221; sticky_enabled=&#8221;0&#8243;][et_pb_pricing_table title=&#8221;\u00d6zel \u00c7\u00f6z\u00fcm&#8221; subtitle=&#8221;Kurumlara \u00d6zel \u00c7\u00f6z\u00fcmler&#8221; sum=&#8221;Bize Ula\u015f\u0131n&#8221; button_url=&#8221;#&#8221; button_text=&#8221;Bize Ula\u015f\u0131n&#8221; bullet_color=&#8221;#2da3d7&#8243; header_background_color=&#8221;RGBA(0,0,0,0)&#8221; _builder_version=&#8221;4.10.8&#8243; _module_preset=&#8221;default&#8221; price_text_color=&#8221;#2DA3D7&#8243; header_font=&#8221;Roboto|900|||||||&#8221; header_text_align=&#8221;left&#8221; header_text_color=&#8221;#000000&#8243; header_font_size=&#8221;36px&#8221; subheader_text_align=&#8221;left&#8221; subheader_text_color=&#8221;#a0a0a0&#8243; price_font=&#8221;Roboto|900|||||||&#8221; price_text_align=&#8221;left&#8221; price_font_size=&#8221;29px&#8221; price_line_height=&#8221;1px&#8221; currency_frequency_font=&#8221;Roboto|900|||||||&#8221; currency_frequency_text_color=&#8221;#2DA3D7&#8243; currency_frequency_font_size=&#8221;20px&#8221; currency_frequency_line_height=&#8221;1.4em&#8221; background_color=&#8221;RGBA(0,0,0,0)&#8221; background_enable_color=&#8221;on&#8221; custom_button=&#8221;on&#8221; button_text_size=&#8221;18px&#8221; button_text_color=&#8221;#FFFFFF&#8221; button_bg_color=&#8221;#2DA3D7&#8243; button_border_width=&#8221;2px&#8221; button_border_color=&#8221;#2DA3D7&#8243; button_alignment=&#8221;left&#8221; custom_padding=&#8221;|||20px|false|false&#8221; hover_enabled=&#8221;0&#8243; border_style_all=&#8221;none&#8221; box_shadow_style=&#8221;preset1&#8243; global_colors_info=&#8221;{}&#8221; sticky_transition=&#8221;on&#8221; sticky_enabled=&#8221;0&#8243;]<\/p>\n<p>+S\u0131n\u0131rs\u0131z \u00dcr\u00fcn<\/p>\n<p>+S\u0131n\u0131rs\u0131z G\u00f6r\u00fcnt\u00fclenme<\/p>\n<p>+WebAR<\/p>\n<p>+Animasyon Eklentisi<\/p>\n<p>+Analitik Raporlama<\/p>\n<p>+7\/24 Canl\u0131 Destek<\/p>\n<p>[\/et_pb_pricing_table][\/et_pb_pricing_tables][\/et_pb_column][\/et_pb_row][\/et_pb_section][et_pb_section fb_built=&#8221;1&#8243; _builder_version=&#8221;4.8.2&#8243; _module_preset=&#8221;default&#8221; global_colors_info=&#8221;{}&#8221;][et_pb_row _builder_version=&#8221;4.8.2&#8243; _module_preset=&#8221;default&#8221; global_colors_info=&#8221;{}&#8221;][et_pb_column type=&#8221;4_4&#8243; _builder_version=&#8221;4.8.2&#8243; _module_preset=&#8221;default&#8221; global_colors_info=&#8221;{}&#8221;][et_pb_text _builder_version=&#8221;4.8.2&#8243; _module_preset=&#8221;default&#8221; header_font=&#8221;Roboto|900|||||||&#8221; header_font_size=&#8221;36px&#8221; global_colors_info=&#8221;{}&#8221;]<\/p>\n<h1 style=\"text-align: center\">S\u0131k Sorulan Sorular<\/h1>\n<p>[\/et_pb_text][et_pb_accordion _builder_version=&#8221;4.8.2&#8243; _module_preset=&#8221;default&#8221; global_colors_info=&#8221;{}&#8221;][et_pb_accordion_item title=&#8221;\u00dcr\u00fcnlerimize ait 3D modelimiz yok. 3D modelleme ve tasar\u0131m hizmeti sa\u011fl\u0131yor musunuz?&#8221; open=&#8221;on&#8221; _builder_version=&#8221;4.8.2&#8243; _module_preset=&#8221;default&#8221; global_colors_info=&#8221;{}&#8221;]<\/p>\n<p><span>Elbette, HoloNext b\u00fcnyesindeki 3D modelleme uzmanlar\u0131m\u0131z, \u00fcr\u00fcnlerinizin foto\u011fraflar\u0131 \u00fczerinden \u00e7ok h\u0131zl\u0131 ve ger\u00e7e\u011fe yak\u0131n bir \u015fekilde \u00fcr\u00fcnlerinizi 3D modellerini tasarlayabilir.<\/span><\/p>\n<p>[\/et_pb_accordion_item][et_pb_accordion_item title=&#8221;Web sitemiz i\u00e7erisinde \u00fcr\u00fcnleri 3D ve AR modunda nas\u0131l g\u00f6sterebiliriz?&#8221; _builder_version=&#8221;4.8.2&#8243; _module_preset=&#8221;default&#8221; global_colors_info=&#8221;{}&#8221; open=&#8221;off&#8221;]<\/p>\n<p>HoloNext sistemi s\u0131f\u0131r kodlamaya sahip alt yap\u0131s\u0131 sayesinde, 3D i\u00e7eriklerinizi sitenize kolayca eklemenizi sa\u011flar. Panelden \u00fcr\u00fcn\u00fcn\u00fcze ait HMTL kodu al\u0131n ve sitenize yap\u0131\u015ft\u0131rman\u0131z yeterli. 3D \u00fcr\u00fcn modelleriniz bir dakikadan az bir s\u00fcrede 3D ve AR olarak g\u00f6sterebilirsiniz.<\/p>\n<p>[\/et_pb_accordion_item][et_pb_accordion_item title=&#8221;\u00dcr\u00fcnleri Art\u0131r\u0131lm\u0131\u015f Ger\u00e7eklik (AR) modunda g\u00f6rmek i\u00e7in herhangi bir uygulama indirmeye ihtiyac\u0131m var m\u0131?&#8221; _builder_version=&#8221;4.8.2&#8243; _module_preset=&#8221;default&#8221; global_colors_info=&#8221;{}&#8221; open=&#8221;off&#8221;]<\/p>\n<div class=\"question active\">\n<div class=\"answer\">HoloNext 3 Boyutlu modellerinizi tamamen web taray\u0131c\u0131lar \u00fczerinden otomatik olarak g\u00f6r\u00fcnt\u00fclenmesini sa\u011flayan sisteme sahiptir. AR g\u00f6r\u00fcnt\u00fcleme i\u00e7in herhangi bir uygulamay\u0131 indirmenize gerek kalmaz.<\/div>\n<\/div>\n<div class=\"question\">\n<div class=\"title\"><\/div>\n<\/div>\n<p>[\/et_pb_accordion_item][et_pb_accordion_item title=&#8221;3B modellerimi ger\u00e7ek zamanl\u0131 olarak d\u00fczenleyebilir ve de\u011fi\u015ftirebilir miyim?&#8221; _builder_version=&#8221;4.8.2&#8243; _module_preset=&#8221;default&#8221; global_colors_info=&#8221;{}&#8221; open=&#8221;off&#8221;]<\/p>\n<div class=\"question active\">\n<div class=\"answer\">\n<div class=\"section mcb-section mcb-section-ltddf7z8e\" id=\"3d-platform\">\n<div class=\"section_wrapper mcb-section-inner\">\n<div class=\"wrap mcb-wrap mcb-wrap-u82rwup7v one valign-top clearfix\">\n<div class=\"mcb-wrap-inner\">\n<div class=\"column mcb-column mcb-item-uktchf2o0 one column_faq\">\n<div class=\"faq\">\n<div class=\"mfn-acc faq_wrapper \">\n<div class=\"question active\">\n<div class=\"answer\">Evet, HoloNext bulut tabanl\u0131 AR sistemi ger\u00e7ek zamanl\u0131 olarak \u00e7al\u0131\u015f\u0131maktad\u0131r. Web taray\u0131c\u0131 tabanl\u0131 3D Editor&#8217;e modelinizi y\u00fckledikten sonra diledi\u011finiz zaman a\u00e7\u0131p de\u011fi\u015ftirebilirsiniz. Yapt\u0131\u011f\u0131n\u0131z t\u00fcm de\u011fi\u015fiklikler modelin g\u00f6m\u00fcl\u00fc oldu\u011fu sayfaya anl\u0131k olarak yans\u0131yacak, hem web taray\u0131c\u0131daki 3 Boyutulu g\u00f6r\u00fcnt\u00fclemede hem de mobil cihazlardaki AR g\u00f6r\u00fcnt\u00fclemede ger\u00e7ekle\u015ftirdi\u011finiz de\u011fi\u015fiklikleri g\u00f6rebileceksiniz.<\/div>\n<\/div>\n<\/div>\n<\/div>\n<\/div>\n<\/div>\n<\/div>\n<\/div>\n<\/div>\n<\/div>\n<\/div>\n<div class=\"question\">\n<div class=\"title\"><\/div>\n<\/div>\n<p>[\/et_pb_accordion_item][\/et_pb_accordion][\/et_pb_column][\/et_pb_row][\/et_pb_section][et_pb_section fb_built=&#8221;1&#8243; _builder_version=&#8221;4.8.2&#8243; _module_preset=&#8221;default&#8221; background_color=&#8221;#eeeeee&#8221; global_colors_info=&#8221;{}&#8221;][et_pb_row _builder_version=&#8221;4.8.2&#8243; _module_preset=&#8221;default&#8221; global_colors_info=&#8221;{}&#8221;][et_pb_column type=&#8221;4_4&#8243; _builder_version=&#8221;4.8.2&#8243; _module_preset=&#8221;default&#8221; global_colors_info=&#8221;{}&#8221;][et_pb_text _builder_version=&#8221;4.8.2&#8243; _module_preset=&#8221;default&#8221; header_font=&#8221;Roboto|900|||||||&#8221; header_font_size=&#8221;48px&#8221; global_colors_info=&#8221;{}&#8221;]<\/p>\n<h1 style=\"text-align: center\">Web taray\u0131c\u0131 tabanl\u0131 \u00e7al\u0131\u015fan Art\u0131r\u0131lm\u0131\u015f Ger\u00e7eklik (AR) \u00e7\u00f6z\u00fcm\u00fcm\u00fcz ilginizi \u00e7ekti mi?<\/h1>\n<p>[\/et_pb_text][et_pb_button button_url=&#8221;https:\/\/holonext.com\/iletisim\/?lang=tr&#8221; button_text=&#8221;Hemen \u0130leti\u015fime Ge\u00e7in&#8221; button_alignment=&#8221;center&#8221; _builder_version=&#8221;4.9.3&#8243; _module_preset=&#8221;default&#8221; custom_button=&#8221;on&#8221; button_text_color=&#8221;#000000&#8243; custom_margin=&#8221;50px||||false|false&#8221; custom_padding=&#8221;0px||0px||false|false&#8221; global_colors_info=&#8221;{}&#8221;][\/et_pb_button][\/et_pb_column][\/et_pb_row][\/et_pb_section]<\/p>\n","protected":false},"excerpt":{"rendered":"<p>+50 \u00dcr\u00fcn+50000 G\u00f6r\u00fcnt\u00fclenme+WebAR+Animasyon Eklentisi+Analitik Raporlama+E-mail Yard\u0131m+150 \u00dcr\u00fcn +150000 G\u00f6r\u00fcnt\u00fclenme +WebAR +Animasyon Eklentisi +Analitik Raporlama +7\/24 Canl\u0131 Destek+S\u0131n\u0131rs\u0131z \u00dcr\u00fcn +S\u0131n\u0131rs\u0131z G\u00f6r\u00fcnt\u00fclenme +WebAR +Animasyon Eklentisi +Analitik Raporlama +7\/24 Canl\u0131 DestekS\u0131k Sorulan SorularElbette, HoloNext b\u00fcnyesindeki 3D modelleme uzmanlar\u0131m\u0131z, \u00fcr\u00fcnlerinizin foto\u011fraflar\u0131 \u00fczerinden \u00e7ok h\u0131zl\u0131 ve ger\u00e7e\u011fe yak\u0131n bir \u015fekilde \u00fcr\u00fcnlerinizi 3D modellerini tasarlayabilir.HoloNext sistemi s\u0131f\u0131r kodlamaya sahip alt yap\u0131s\u0131 [&hellip;]<\/p>\n","protected":false},"author":1,"featured_media":0,"parent":0,"menu_order":0,"comment_status":"closed","ping_status":"closed","template":"","meta":{"_et_pb_use_builder":"on","_et_pb_old_content":"","_et_gb_content_width":"","footnotes":""},"class_list":["post-230306","page","type-page","status-publish","hentry"],"_links":{"self":[{"href":"https:\/\/holonext.com\/tr\/wp-json\/wp\/v2\/pages\/230306","targetHints":{"allow":["GET"]}}],"collection":[{"href":"https:\/\/holonext.com\/tr\/wp-json\/wp\/v2\/pages"}],"about":[{"href":"https:\/\/holonext.com\/tr\/wp-json\/wp\/v2\/types\/page"}],"author":[{"embeddable":true,"href":"https:\/\/holonext.com\/tr\/wp-json\/wp\/v2\/users\/1"}],"replies":[{"embeddable":true,"href":"https:\/\/holonext.com\/tr\/wp-json\/wp\/v2\/comments?post=230306"}],"version-history":[{"count":5,"href":"https:\/\/holonext.com\/tr\/wp-json\/wp\/v2\/pages\/230306\/revisions"}],"predecessor-version":[{"id":231105,"href":"https:\/\/holonext.com\/tr\/wp-json\/wp\/v2\/pages\/230306\/revisions\/231105"}],"wp:attachment":[{"href":"https:\/\/holonext.com\/tr\/wp-json\/wp\/v2\/media?parent=230306"}],"curies":[{"name":"wp","href":"https:\/\/api.w.org\/{rel}","templated":true}]}}