{"id":230272,"date":"2021-04-07T08:50:54","date_gmt":"2021-04-07T08:50:54","guid":{"rendered":"https:\/\/holonext.com\/platform-2\/"},"modified":"2021-04-07T21:04:06","modified_gmt":"2021-04-07T21:04:06","slug":"platform","status":"publish","type":"page","link":"https:\/\/holonext.com\/tr\/platform\/","title":{"rendered":"Platform"},"content":{"rendered":"<p>[et_pb_section fb_built=&#8221;1&#8243; _builder_version=&#8221;4.8.2&#8243; _module_preset=&#8221;default&#8221;][et_pb_row column_structure=&#8221;1_2,1_2&#8243; _builder_version=&#8221;4.8.2&#8243; _module_preset=&#8221;default&#8221;][et_pb_column type=&#8221;1_2&#8243; _builder_version=&#8221;4.8.2&#8243; _module_preset=&#8221;default&#8221;][et_pb_text _builder_version=&#8221;4.8.2&#8243; _module_preset=&#8221;default&#8221; text_font=&#8221;Roboto||||||||&#8221; text_font_size=&#8221;18px&#8221; header_font=&#8221;Roboto||||||||&#8221; header_font_size=&#8221;40px&#8221; custom_margin=&#8221;||0px||false|false&#8221;]<\/p>\n<h1>S\u0131f\u0131r kodlama ile<br \/>WebAR deneyimi olu\u015fturun<\/h1>\n<p>HoloNext platform herhangi bir yaz\u0131l\u0131m geli\u015ftirme ihtiyac\u0131 olmadan kendi AR deneyiminizi kolayca olu\u015fturman\u0131z\u0131 sa\u011flar<\/p>\n<p>[\/et_pb_text][\/et_pb_column][et_pb_column type=&#8221;1_2&#8243; _builder_version=&#8221;4.8.2&#8243; _module_preset=&#8221;default&#8221;][et_pb_video src=&#8221;https:\/\/holonext.com\/wp-content\/uploads\/2021\/04\/mainvideo-.mp4&#8243; src_webm=&#8221;https:\/\/holonext.com\/wp-content\/uploads\/2021\/04\/mainvideo-.webm&#8221; _builder_version=&#8221;4.9.3&#8243; _module_preset=&#8221;022d5bf6-74ee-4a6c-a93c-d49cf08d835c&#8221; width=&#8221;70%&#8221; hover_enabled=&#8221;0&#8243; title_text=&#8221;mainvideo-&#8221; sticky_enabled=&#8221;0&#8243;][\/et_pb_video][\/et_pb_column][\/et_pb_row][\/et_pb_section][et_pb_section fb_built=&#8221;1&#8243; _builder_version=&#8221;4.8.2&#8243; _module_preset=&#8221;default&#8221;][et_pb_row _builder_version=&#8221;4.8.2&#8243; _module_preset=&#8221;default&#8221;][et_pb_column type=&#8221;4_4&#8243; _builder_version=&#8221;4.8.2&#8243; _module_preset=&#8221;default&#8221;][et_pb_text _builder_version=&#8221;4.8.2&#8243; _module_preset=&#8221;c2e364eb-a74a-4702-acb6-a238f58250e8&#8243;]<\/p>\n<h1 style=\"text-align: center;\"><strong>Art\u0131r\u0131lm\u0131\u015f Ger\u00e7eklik (AR) St\u00fcdyosu<\/strong><\/h1>\n<p>[\/et_pb_text][\/et_pb_column][\/et_pb_row][et_pb_row column_structure=&#8221;1_5,1_5,1_5,1_5,1_5&#8243; _builder_version=&#8221;4.8.2&#8243; _module_preset=&#8221;default&#8221;][et_pb_column type=&#8221;1_5&#8243; _builder_version=&#8221;4.8.2&#8243; _module_preset=&#8221;default&#8221;][et_pb_blurb title=&#8221;WebAR&#8221; image=&#8221;https:\/\/holonext.com\/wp-content\/uploads\/2021\/01\/Asset-8R.png&#8221; _builder_version=&#8221;4.8.2&#8243; _module_preset=&#8221;default&#8221; header_text_align=&#8221;center&#8221; header_font_size=&#8221;24px&#8221;][\/et_pb_blurb][\/et_pb_column][et_pb_column type=&#8221;1_5&#8243; _builder_version=&#8221;4.8.2&#8243; _module_preset=&#8221;default&#8221;][et_pb_blurb title=&#8221;3 Boyutlu G\u00f6r\u00fcnt\u00fcleme&#8221; image=&#8221;https:\/\/holonext.com\/wp-content\/uploads\/2021\/01\/Asset-10R.png&#8221; _builder_version=&#8221;4.8.2&#8243; _module_preset=&#8221;default&#8221; header_text_align=&#8221;center&#8221; header_font_size=&#8221;24px&#8221;][\/et_pb_blurb][\/et_pb_column][et_pb_column type=&#8221;1_5&#8243; _builder_version=&#8221;4.8.2&#8243; _module_preset=&#8221;default&#8221;][et_pb_blurb title=&#8221;Web Tabanl\u0131 Editor&#8221; image=&#8221;https:\/\/holonext.com\/wp-content\/uploads\/2021\/01\/Asset-9R.png&#8221; _builder_version=&#8221;4.8.2&#8243; _module_preset=&#8221;default&#8221; header_text_align=&#8221;center&#8221; header_font_size=&#8221;24px&#8221;][\/et_pb_blurb][\/et_pb_column][et_pb_column type=&#8221;1_5&#8243; _builder_version=&#8221;4.8.2&#8243; _module_preset=&#8221;default&#8221;][et_pb_blurb title=&#8221;\u00c7oklu Platform&#8221; image=&#8221;https:\/\/holonext.com\/wp-content\/uploads\/2021\/01\/Asset-11R.png&#8221; _builder_version=&#8221;4.8.2&#8243; _module_preset=&#8221;default&#8221; header_text_align=&#8221;center&#8221; header_font_size=&#8221;24px&#8221;][\/et_pb_blurb][\/et_pb_column][et_pb_column type=&#8221;1_5&#8243; _builder_version=&#8221;4.8.2&#8243; _module_preset=&#8221;default&#8221;][et_pb_blurb title=&#8221;G\u00fcvenli Bulut Sunucular\u0131&#8221; image=&#8221;https:\/\/holonext.com\/wp-content\/uploads\/2021\/01\/Asset-12R.png&#8221; _builder_version=&#8221;4.8.2&#8243; _module_preset=&#8221;default&#8221; header_text_align=&#8221;center&#8221; header_font_size=&#8221;24px&#8221;][\/et_pb_blurb][\/et_pb_column][\/et_pb_row][\/et_pb_section][et_pb_section fb_built=&#8221;1&#8243; _builder_version=&#8221;4.8.2&#8243; _module_preset=&#8221;default&#8221;][et_pb_row _builder_version=&#8221;4.8.2&#8243; _module_preset=&#8221;default&#8221;][et_pb_column type=&#8221;4_4&#8243; _builder_version=&#8221;4.8.2&#8243; _module_preset=&#8221;default&#8221;][et_pb_text _builder_version=&#8221;4.8.2&#8243; _module_preset=&#8221;c2e364eb-a74a-4702-acb6-a238f58250e8&#8243;]<\/p>\n<h1 style=\"text-align: center;\"><strong>Nas\u0131l \u00c7al\u0131\u015f\u0131r<\/strong><\/h1>\n<p>[\/et_pb_text][\/et_pb_column][\/et_pb_row][et_pb_row column_structure=&#8221;1_2,1_2&#8243; make_equal=&#8221;on&#8221; _builder_version=&#8221;4.8.2&#8243; _module_preset=&#8221;default&#8221;][et_pb_column type=&#8221;1_2&#8243; _builder_version=&#8221;4.8.2&#8243; _module_preset=&#8221;default&#8221;][et_pb_text _builder_version=&#8221;4.8.2&#8243; _module_preset=&#8221;e02a5a7b-e24e-4e1f-8590-96d71ab41d11&#8243; header_line_height=&#8221;1.2em&#8221; header_3_font=&#8221;Roboto||||||||&#8221; header_3_line_height=&#8221;1.2em&#8221; position_origin_f=&#8221;center_center&#8221; width=&#8221;100%&#8221; module_alignment=&#8221;center&#8221;]<\/p>\n<h3><strong>1) 3D modellerinizi y\u00fckleyin<\/strong><\/h3>\n<p>HoloNext paneline giri\u015f yap\u0131n ve 3 boyutlu modellerinizi web tabanl\u0131 editor&#8217;e y\u00fckleyin. Modellerinizi GLB, gLTF veya Obj 3D dosya formatlar\u0131nda y\u00fckleyebilirsiniz.<\/p>\n<p>[\/et_pb_text][\/et_pb_column][et_pb_column type=&#8221;1_2&#8243; _builder_version=&#8221;4.8.2&#8243; _module_preset=&#8221;default&#8221;][et_pb_image src=&#8221;https:\/\/holonext.com\/wp-content\/uploads\/2021\/03\/3D_platform.jpg&#8221; title_text=&#8221;3D_platform&#8221; _builder_version=&#8221;4.8.2&#8243; _module_preset=&#8221;default&#8221; animation_style=&#8221;slide&#8221; animation_direction=&#8221;right&#8221;][\/et_pb_image][\/et_pb_column][\/et_pb_row][et_pb_row column_structure=&#8221;1_2,1_2&#8243; make_equal=&#8221;on&#8221; _builder_version=&#8221;4.8.2&#8243; _module_preset=&#8221;default&#8221;][et_pb_column type=&#8221;1_2&#8243; _builder_version=&#8221;4.8.2&#8243; _module_preset=&#8221;default&#8221;][et_pb_image src=&#8221;https:\/\/holonext.com\/wp-content\/uploads\/2021\/03\/3D_edit_program.jpg&#8221; title_text=&#8221;3D_edit_program&#8221; _builder_version=&#8221;4.8.2&#8243; _module_preset=&#8221;default&#8221; animation_style=&#8221;slide&#8221; animation_direction=&#8221;left&#8221;][\/et_pb_image][\/et_pb_column][et_pb_column type=&#8221;1_2&#8243; _builder_version=&#8221;4.8.2&#8243; _module_preset=&#8221;default&#8221;][et_pb_text _builder_version=&#8221;4.9.3&#8243; _module_preset=&#8221;e02a5a7b-e24e-4e1f-8590-96d71ab41d11&#8243; header_line_height=&#8221;1.2em&#8221; header_3_font=&#8221;Roboto||||||||&#8221; header_3_line_height=&#8221;1.2em&#8221; position_origin_f=&#8221;center_center&#8221; width=&#8221;100%&#8221; module_alignment=&#8221;center&#8221;]<\/p>\n<h3><strong>2) D\u00fczenlemeleri web tabanl\u0131 editor \u00fczerinde tamamlay\u0131n<\/strong><\/h3>\n<p><span>HoloNext 3D Editor ile modelin boyutunu, rengini ve dokusunu kolayca d\u00fczenleyin. Ayr\u0131ca tek bir sahnede birden \u00e7ok nesne ve \u00fcr\u00fcn ekleyebilir \/ silebilirsiniz.<\/span>[\/et_pb_text][\/et_pb_column][\/et_pb_row][et_pb_row column_structure=&#8221;1_2,1_2&#8243; make_equal=&#8221;on&#8221; _builder_version=&#8221;4.8.2&#8243; _module_preset=&#8221;default&#8221;][et_pb_column type=&#8221;1_2&#8243; _builder_version=&#8221;4.8.2&#8243; _module_preset=&#8221;default&#8221;][et_pb_text _builder_version=&#8221;4.9.3&#8243; _module_preset=&#8221;e02a5a7b-e24e-4e1f-8590-96d71ab41d11&#8243; header_line_height=&#8221;1.2em&#8221; header_3_font=&#8221;Roboto||||||||&#8221; header_3_line_height=&#8221;1.2em&#8221; position_origin_f=&#8221;center_center&#8221; width=&#8221;100%&#8221; module_alignment=&#8221;center&#8221;]<\/p>\n<h3><strong>3) Kolay ve h\u0131zl\u0131 \u015fekilde payla\u015f\u0131n<\/strong><\/h3>\n<p>\u00dcr\u00fcnlerinize ait 3D modelleriniz d\u00fczenlemesini tamamlad\u0131ktan sonra, sahneyi kaydedin ve yay\u0131n. \u0130\u015fte hepsi bu! Art\u0131k m\u00fc\u015fterileriniz \u00fcr\u00fcnlerinizi kendi mobil cihaz ve bilgisayarlar\u0131 \u00fczerinden Art\u0131r\u0131lm\u0131\u015f Ger\u00e7eklik (AR) ve 3 Boyulut olarak g\u00f6rebilecekler.<\/p>\n<p>[\/et_pb_text][\/et_pb_column][et_pb_column type=&#8221;1_2&#8243; _builder_version=&#8221;4.8.2&#8243; _module_preset=&#8221;default&#8221;][et_pb_image src=&#8221;https:\/\/holonext.com\/wp-content\/uploads\/2021\/03\/Augmented_reality_platform.jpg&#8221; title_text=&#8221;Augmented_reality_platform&#8221; _builder_version=&#8221;4.8.2&#8243; _module_preset=&#8221;default&#8221; animation_style=&#8221;slide&#8221; animation_direction=&#8221;right&#8221;][\/et_pb_image][\/et_pb_column][\/et_pb_row][\/et_pb_section][et_pb_section fb_built=&#8221;1&#8243; _builder_version=&#8221;4.8.2&#8243; _module_preset=&#8221;default&#8221;][et_pb_row column_structure=&#8221;1_2,1_2&#8243; make_equal=&#8221;on&#8221; _builder_version=&#8221;4.8.2&#8243; _module_preset=&#8221;default&#8221;][et_pb_column type=&#8221;1_2&#8243; _builder_version=&#8221;4.8.2&#8243; _module_preset=&#8221;default&#8221;][et_pb_image src=&#8221;https:\/\/holonext.com\/wp-content\/uploads\/2021\/03\/Augmented_reality_3d.jpg&#8221; title_text=&#8221;Augmented_reality_3d&#8221; _builder_version=&#8221;4.8.2&#8243; _module_preset=&#8221;default&#8221; animation_style=&#8221;slide&#8221; animation_direction=&#8221;left&#8221;][\/et_pb_image][\/et_pb_column][et_pb_column type=&#8221;1_2&#8243; _builder_version=&#8221;4.8.2&#8243; _module_preset=&#8221;default&#8221;][et_pb_text _builder_version=&#8221;4.9.3&#8243; _module_preset=&#8221;e02a5a7b-e24e-4e1f-8590-96d71ab41d11&#8243; header_line_height=&#8221;1.2em&#8221; header_3_font=&#8221;Roboto||||||||&#8221; header_3_line_height=&#8221;1.2em&#8221; position_origin_f=&#8221;center_center&#8221; width=&#8221;100%&#8221; module_alignment=&#8221;center&#8221;]<\/p>\n<h3><strong>3D \u0130\u00e7erik Y\u00f6netim Sistemi<\/strong><\/h3>\n<p><span>HoloNext bulut \u00e7\u00f6z\u00fcm\u00fc, 3 Boyutlu model i\u00e7eriklerinizi tek bir kaynaktan kolayca y\u00f6netmenizi ve da\u011f\u0131tman\u0131z\u0131 sa\u011flar. 3 Boyutlu model varl\u0131klar\u0131n\u0131z\u0131 g\u00fcvenli bir \u015fekilde bulut platformumuzda saklan\u0131r. <\/span><\/p>\n<p>[\/et_pb_text][\/et_pb_column][\/et_pb_row][et_pb_row column_structure=&#8221;1_2,1_2&#8243; make_equal=&#8221;on&#8221; _builder_version=&#8221;4.8.2&#8243; _module_preset=&#8221;default&#8221;][et_pb_column type=&#8221;1_2&#8243; _builder_version=&#8221;4.8.2&#8243; _module_preset=&#8221;default&#8221;][et_pb_text _builder_version=&#8221;4.9.3&#8243; _module_preset=&#8221;e02a5a7b-e24e-4e1f-8590-96d71ab41d11&#8243; header_line_height=&#8221;1.2em&#8221; header_3_font=&#8221;Roboto||||||||&#8221; header_3_line_height=&#8221;1.2em&#8221; position_origin_f=&#8221;center_center&#8221; width=&#8221;100%&#8221; module_alignment=&#8221;center&#8221;]<\/p>\n<h3><strong>\u00c7oklu-platform AR Deneyimi<\/strong><\/h3>\n<p><span>HoloNext bulut tabanl\u0131 \u00e7al\u0131\u015fan sistemi en iyi AR ve 3D deneyimini sa\u011flamak i\u00e7in modellerinizi optimize eder, mobil cihazlar, bilgisayarlar ve ak\u0131ll\u0131 g\u00f6zl\u00fckler arac\u0131l\u0131\u011f\u0131yla sorunsuz g\u00f6r\u00fcnt\u00fclenebilmesini sa\u011flar.<\/span><\/p>\n<p>[\/et_pb_text][\/et_pb_column][et_pb_column type=&#8221;1_2&#8243; _builder_version=&#8221;4.8.2&#8243; _module_preset=&#8221;default&#8221;][et_pb_image src=&#8221;https:\/\/holonext.com\/wp-content\/uploads\/2021\/03\/AR-platform.jpg&#8221; title_text=&#8221;AR-platform&#8221; _builder_version=&#8221;4.8.2&#8243; _module_preset=&#8221;default&#8221; animation_style=&#8221;slide&#8221; animation_direction=&#8221;right&#8221;][\/et_pb_image][\/et_pb_column][\/et_pb_row][et_pb_row column_structure=&#8221;1_2,1_2&#8243; make_equal=&#8221;on&#8221; _builder_version=&#8221;4.8.2&#8243; _module_preset=&#8221;default&#8221;][et_pb_column type=&#8221;1_2&#8243; _builder_version=&#8221;4.8.2&#8243; _module_preset=&#8221;default&#8221;][et_pb_image src=&#8221;https:\/\/holonext.com\/wp-content\/uploads\/2021\/03\/Cross_platform.jpg&#8221; title_text=&#8221;Cross_platform&#8221; _builder_version=&#8221;4.8.2&#8243; _module_preset=&#8221;default&#8221; animation_style=&#8221;slide&#8221; animation_direction=&#8221;left&#8221;][\/et_pb_image][\/et_pb_column][et_pb_column type=&#8221;1_2&#8243; _builder_version=&#8221;4.8.2&#8243; _module_preset=&#8221;default&#8221;][et_pb_text _builder_version=&#8221;4.9.3&#8243; _module_preset=&#8221;e02a5a7b-e24e-4e1f-8590-96d71ab41d11&#8243; text_font=&#8221;Roboto||||||||&#8221; header_line_height=&#8221;1.2em&#8221; header_3_font=&#8221;Roboto||||||||&#8221; header_3_line_height=&#8221;1.2em&#8221; position_origin_f=&#8221;center_center&#8221; width=&#8221;100%&#8221; module_alignment=&#8221;center&#8221;]<\/p>\n<h3><strong>Web-tabanl\u0131 Art\u0131r\u0131lm\u0131\u015f Ger\u00e7eklik (WebAR)<\/strong><\/h3>\n<p>HoloNext platformu hem iOS &amp; Android cihazlarda WebAR deneyimi i\u00e7in hem de masa\u00fcst\u00fc taray\u0131c\u0131larda sorunsuz 3D g\u00f6r\u00fcnt\u00fcleme i\u00e7in 3D model i\u00e7erik boyutlar\u0131n\u0131 optimize eder.<\/p>\n<p>[\/et_pb_text][\/et_pb_column][\/et_pb_row][\/et_pb_section][et_pb_section fb_built=&#8221;1&#8243; _builder_version=&#8221;4.8.2&#8243; _module_preset=&#8221;default&#8221; custom_margin=&#8221;||||false|false&#8221; custom_padding=&#8221;10px||||false|false&#8221;][et_pb_row _builder_version=&#8221;4.8.2&#8243; _module_preset=&#8221;default&#8221;][et_pb_column type=&#8221;4_4&#8243; _builder_version=&#8221;4.8.2&#8243; _module_preset=&#8221;default&#8221;][et_pb_text _builder_version=&#8221;4.8.2&#8243; _module_preset=&#8221;default&#8221; text_font_size=&#8221;20px&#8221; header_font_size=&#8221;40px&#8221; text_orientation=&#8221;center&#8221;]<\/p>\n<h1 class=\"section-title\">Web-Tabanl\u0131 Art\u0131r\u0131lm\u0131\u015f Ger\u00e7eklik (WebAR)<\/h1>\n<p class=\"built-for-subtitle\">HoloNext platformu hem iOS &amp; Android cihazlarda WebAR deneyimi i\u00e7in hem de masa\u00fcst\u00fc taray\u0131c\u0131larda sorunsuz 3D g\u00f6r\u00fcnt\u00fcleme i\u00e7in 3D model i\u00e7erik boyutlar\u0131n\u0131 optimize eder.<\/p>\n<p>[\/et_pb_text][\/et_pb_column][\/et_pb_row][et_pb_row column_structure=&#8221;1_3,1_3,1_3&#8243; _builder_version=&#8221;4.8.2&#8243; _module_preset=&#8221;default&#8221;][et_pb_column type=&#8221;1_3&#8243; _builder_version=&#8221;4.8.2&#8243; _module_preset=&#8221;default&#8221;][et_pb_text _builder_version=&#8221;4.8.2&#8243; _module_preset=&#8221;e02a5a7b-e24e-4e1f-8590-96d71ab41d11&#8243; text_font=&#8221;Roboto||||||||&#8221; header_line_height=&#8221;1.2em&#8221; header_3_font=&#8221;Roboto||||||||&#8221; header_3_line_height=&#8221;1.2em&#8221; position_origin_f=&#8221;center_center&#8221; width=&#8221;100%&#8221; module_alignment=&#8221;center&#8221;]<\/p>\n<h3><strong><img decoding=\"async\" src=\"https:\/\/holonext.com\/wp-content\/uploads\/2021\/02\/icon-support-ios.c97ac2.c97ac2.png\" width=\"50\" alt=\"\" class=\"wp-image-230026 alignnone size-full\"><\/strong><\/h3>\n<h3><strong>iPhone ve iPad Cihazlarda<\/strong><\/h3>\n<p><span>iOS cihazlarda AR ve 3D g\u00f6r\u00fcnt\u00fcleme i\u00e7in otomatik USDZ d\u00f6n\u00fc\u015ft\u00fcr\u00fcc\u00fc<\/span><\/p>\n<p>[\/et_pb_text][\/et_pb_column][et_pb_column type=&#8221;1_3&#8243; _builder_version=&#8221;4.8.2&#8243; _module_preset=&#8221;default&#8221;][et_pb_text _builder_version=&#8221;4.9.3&#8243; _module_preset=&#8221;e02a5a7b-e24e-4e1f-8590-96d71ab41d11&#8243; text_font=&#8221;Roboto||||||||&#8221; header_line_height=&#8221;1.2em&#8221; header_3_font=&#8221;Roboto||||||||&#8221; header_3_line_height=&#8221;1.2em&#8221; position_origin_f=&#8221;center_center&#8221; width=&#8221;100%&#8221; module_alignment=&#8221;center&#8221;]<\/p>\n<h3><img decoding=\"async\" src=\"https:\/\/holonext.com\/wp-content\/uploads\/2021\/02\/icon-support-android.d27f30.d27f30.png\" width=\"50\" alt=\"\" class=\"wp-image-230029 alignnone size-full\"><\/h3>\n<h3><span>Android Cihazlarda<\/span><\/h3>\n<p><span>Android tabanl\u0131 cihazlarda ARCore destekli 3D ve AR g\u00f6r\u00fcnt\u00fcleme<\/span><\/p>\n<p>[\/et_pb_text][\/et_pb_column][et_pb_column type=&#8221;1_3&#8243; _builder_version=&#8221;4.8.2&#8243; _module_preset=&#8221;default&#8221;][et_pb_text _builder_version=&#8221;4.8.2&#8243; _module_preset=&#8221;e02a5a7b-e24e-4e1f-8590-96d71ab41d11&#8243; text_font=&#8221;Roboto||||||||&#8221; header_line_height=&#8221;1.2em&#8221; header_3_font=&#8221;Roboto||||||||&#8221; header_3_line_height=&#8221;1.2em&#8221; position_origin_f=&#8221;center_center&#8221; width=&#8221;100%&#8221; module_alignment=&#8221;center&#8221;]<\/p>\n<h3><img decoding=\"async\" src=\"https:\/\/holonext.com\/wp-content\/uploads\/2021\/02\/icon-support-desktop.834e6a.834e6a.png\" width=\"50\" alt=\"\" class=\"wp-image-230030 alignnone size-full\"><\/h3>\n<h3><span>Masa\u00fcst\u00fc Taray\u0131c\u0131larda<\/span><\/h3>\n<p><span>Fotorealistik ayd\u0131nlatma ve render \u00f6zellikleri ile masa\u00fcst\u00fc taray\u0131c\u0131larda ger\u00e7ece\u011fe yak\u0131n 3D model g\u00f6r\u00fcnt\u00fcleme<\/span><\/p>\n<p>[\/et_pb_text][\/et_pb_column][\/et_pb_row][\/et_pb_section][et_pb_section fb_built=&#8221;1&#8243; _builder_version=&#8221;4.8.2&#8243; _module_preset=&#8221;default&#8221; background_color=&#8221;#eeeeee&#8221;][et_pb_row _builder_version=&#8221;4.8.2&#8243; _module_preset=&#8221;default&#8221;][et_pb_column type=&#8221;4_4&#8243; _builder_version=&#8221;4.8.2&#8243; _module_preset=&#8221;default&#8221;][et_pb_text _builder_version=&#8221;4.8.2&#8243; _module_preset=&#8221;default&#8221; header_font=&#8221;Roboto|900|||||||&#8221; header_font_size=&#8221;48px&#8221;]<\/p>\n<h1 style=\"text-align: center;\">AR Deneyimini Haz\u0131r m\u0131s\u0131n\u0131z?<\/h1>\n<p>[\/et_pb_text][et_pb_button button_text=&#8221;Ba\u015fla&#8221; button_alignment=&#8221;center&#8221; _builder_version=&#8221;4.8.2&#8243; _module_preset=&#8221;default&#8221; custom_button=&#8221;on&#8221; button_text_color=&#8221;#000000&#8243; custom_margin=&#8221;50px||||false|false&#8221; custom_padding=&#8221;0px||||false|false&#8221;][\/et_pb_button][\/et_pb_column][\/et_pb_row][\/et_pb_section]<\/p>\n","protected":false},"excerpt":{"rendered":"<p>S\u0131f\u0131r kodlama ileWebAR deneyimi olu\u015fturun HoloNext platform herhangi bir yaz\u0131l\u0131m geli\u015ftirme ihtiyac\u0131 olmadan kendi AR deneyiminizi kolayca olu\u015fturman\u0131z\u0131 sa\u011flarArt\u0131r\u0131lm\u0131\u015f Ger\u00e7eklik (AR) St\u00fcdyosuNas\u0131l \u00c7al\u0131\u015f\u0131r1) 3D modellerinizi y\u00fckleyin HoloNext paneline giri\u015f yap\u0131n ve 3 boyutlu modellerinizi web tabanl\u0131 editor&#8217;e y\u00fckleyin. Modellerinizi GLB, gLTF veya Obj 3D dosya formatlar\u0131nda y\u00fckleyebilirsiniz.2) D\u00fczenlemeleri web tabanl\u0131 editor \u00fczerinde tamamlay\u0131n HoloNext 3D [&hellip;]<\/p>\n","protected":false},"author":1,"featured_media":0,"parent":0,"menu_order":0,"comment_status":"closed","ping_status":"closed","template":"","meta":{"_et_pb_use_builder":"on","_et_pb_old_content":"","_et_gb_content_width":"","footnotes":""},"class_list":["post-230272","page","type-page","status-publish","hentry"],"_links":{"self":[{"href":"https:\/\/holonext.com\/tr\/wp-json\/wp\/v2\/pages\/230272","targetHints":{"allow":["GET"]}}],"collection":[{"href":"https:\/\/holonext.com\/tr\/wp-json\/wp\/v2\/pages"}],"about":[{"href":"https:\/\/holonext.com\/tr\/wp-json\/wp\/v2\/types\/page"}],"author":[{"embeddable":true,"href":"https:\/\/holonext.com\/tr\/wp-json\/wp\/v2\/users\/1"}],"replies":[{"embeddable":true,"href":"https:\/\/holonext.com\/tr\/wp-json\/wp\/v2\/comments?post=230272"}],"version-history":[{"count":5,"href":"https:\/\/holonext.com\/tr\/wp-json\/wp\/v2\/pages\/230272\/revisions"}],"predecessor-version":[{"id":230404,"href":"https:\/\/holonext.com\/tr\/wp-json\/wp\/v2\/pages\/230272\/revisions\/230404"}],"wp:attachment":[{"href":"https:\/\/holonext.com\/tr\/wp-json\/wp\/v2\/media?parent=230272"}],"curies":[{"name":"wp","href":"https:\/\/api.w.org\/{rel}","templated":true}]}}