{"id":230255,"date":"2021-04-06T15:30:19","date_gmt":"2021-04-06T15:30:19","guid":{"rendered":"https:\/\/holonext.com\/personal-data-protection\/"},"modified":"2021-04-06T18:42:32","modified_gmt":"2021-04-06T18:42:32","slug":"personal-data-protection","status":"publish","type":"page","link":"https:\/\/holonext.com\/tr\/personal-data-protection\/","title":{"rendered":"Ki\u015fisel Veri Korumas\u0131"},"content":{"rendered":"<h1><strong>HOLONET B\u0130L\u0130\u015e\u0130M TEKNOLOJ\u0130LER\u0130 SANAY\u0130 VE T\u0130CARET A.\u015e. G\u0130ZL\u0130L\u0130K POL\u0130T\u0130KASI<\/strong><\/h1>\n<p>\u0130\u015fbu HOLONET B\u0130L\u0130\u015e\u0130M TEKNOLOJ\u0130LER\u0130 SANAY\u0130 VE T\u0130CARET A.\u015e. Gizlilik Politikas\u0131\u2019n\u0131n (\u201cGizlilik Politikas\u0131\u201d) amac\u0131, Holonet Bili\u015fim Teknolojileri Sanayi ve Ticaret A.\u015e. (\u201c\u015eirket\u201d) taraf\u0131ndan i\u015fletilmekte olan www.holonext.com internet sitesinin (\u201cSite\u201d) i\u015fletilmesi s\u0131ras\u0131nda Site kullan\u0131c\u0131lar\u0131, \u00fcyeleri veya ziyaret\u00e7ileri (\u201cVeri Sahibi\u201d) taraf\u0131ndan \u015eirket ile payla\u015f\u0131lan veya \u015eirket\u2019in, \u0130lgili Ki\u015fi\u2019lerin Site\u2019yi kullan\u0131m\u0131 s\u0131ras\u0131nda \u00fcretti\u011fi ki\u015fisel verilerin kullan\u0131m\u0131na ili\u015fkin ko\u015ful ve \u015fartlar konusunda ilgili ki\u015fileri bilgilendirmektir.<\/p>\n<p><strong>Hangi Veriler \u0130\u015flenmektedir?<\/strong><\/p>\n<p>\u0130\u015fbu ba\u015fl\u0131k alt\u0131nda, \u015eirket taraf\u0131ndan i\u015flenen ve 6698 say\u0131l\u0131 Ki\u015fisel Verilerin Korunmas\u0131 Kanunu (\u201cKVK Kanunu\u201d) uyar\u0131nca ki\u015fisel veri say\u0131lan verilerin hangileri oldu\u011fu s\u0131ralanm\u0131\u015ft\u0131r. Aksi a\u00e7\u0131k\u00e7a belirtilmedik\u00e7e, i\u015fbu Gizlilik Politikas\u0131 kapsam\u0131nda arz edilen h\u00fck\u00fcm ve ko\u015fullar kapsam\u0131nda \u201cki\u015fisel veri\u201d ifadesi a\u015fa\u011f\u0131da yer alan bilgileri kapsayacakt\u0131r.<\/p>\n<ul>\n<li>Kimlik Bilgisi<\/li>\n<li>\u0130leti\u015fim Bilgisi<\/li>\n<li>\u0130\u015flem G\u00fcvenli\u011fi Bilgisi<\/li>\n<li>Finansal Bilgi<\/li>\n<li>Pazarlama Bilgisi<\/li>\n<\/ul>\n<p>KVK Kanunu\u2019nun 3. ve 7. Maddelerine g\u00f6re, \u00f6ng\u00f6r\u00fclen muhafaza s\u00fcresi ge\u00e7en ki\u015fisel veriler geri d\u00f6nd\u00fcr\u00fclemeyecek \u015fekilde anonim hale getirilecek, an\u0131lan kanun h\u00fck\u00fcmleri uyar\u0131nca ki\u015fisel veri olarak kabul edilmeyecek ve bu verilere ili\u015fkin i\u015fleme faaliyetleri i\u015fbu Gizlilik Politikas\u0131 h\u00fck\u00fcmleri ile ba\u011fl\u0131 olmaks\u0131z\u0131n ger\u00e7ekle\u015ftirecektir.<\/p>\n<p><strong>Veriler Hangi Ama\u00e7larla Kullan\u0131lmaktad\u0131r?<\/strong><\/p>\n<p>\u015eirket, Veri Sahibi taraf\u0131ndan sa\u011flanan ki\u015fisel verileri, \u0130lgili Ki\u015fi\u2019nin Site \u00fczerinden sa\u011flanan hizmetlerden faydalanmas\u0131 da d\u00e2hil olmak \u00fczere sundu\u011fu hizmetlerden ki\u015fisel veri sahiplerini faydaland\u0131rmak i\u00e7in gerekli \u00e7al\u0131\u015fmalar\u0131n i\u015f birimleri taraf\u0131ndan yap\u0131lmas\u0131 ve ilgili i\u015f s\u00fcre\u00e7lerinin y\u00fcr\u00fct\u00fclmesi ile bu hizmetlerin ki\u015fisel veri sahiplerinin be\u011feni, kullan\u0131m al\u0131\u015fkanl\u0131klar\u0131 ve ihtiya\u00e7lar\u0131na g\u00f6re \u00f6zelle\u015ftirilerek ilgili ki\u015filere \u00f6nerilmesi ve tan\u0131t\u0131lmas\u0131, pazarlanmas\u0131 i\u00e7in gerekli olan aktivitelerin planlanmas\u0131 ve icras\u0131, \u015eirket\u2019in ve \u015eirket ile i\u015f ili\u015fkisi i\u00e7erisinde olan ki\u015filerin hukuki, teknik ve ticari-i\u015f g\u00fcvenli\u011finin temini, yasal y\u00fck\u00fcml\u00fcl\u00fcklerinin yerine getirilmesi ile \u015eirket\u2019in i\u015f stratejilerinin planlanmas\u0131 ve icras\u0131 ama\u00e7lar\u0131yla i\u015flenebilecektir.<\/p>\n<p>\u015eirket, KVK Kanunu\u2019nun 5. ve 8. maddeleri uyar\u0131nca Site\u2019ye ili\u015fkin Kullan\u0131c\u0131 S\u00f6zle\u015fmesi\u2019nde \u00f6ng\u00fclen hak ve y\u00fck\u00fcml\u00fcl\u00fcklerin yerine getirilmesi, veri sorumlusunun me\u015fru menfaati, kanunlarda \u00f6ng\u00fclmesi ve \u015firketin hukuki y\u00fck\u00fcml\u00fcl\u00fcklerini yerine getirilmesi i\u00e7in \u0130lgili Ki\u015fi\u2019nin ayr\u0131ca r\u0131zas\u0131n\u0131 almaks\u0131z\u0131n i\u015fleyebilecek ve \u00fc\u00e7\u00fcnc\u00fc ki\u015filerle payla\u015fabilecektir.<\/p>\n<p><strong>Verilere Kimler Eri\u015febilmektedir?<\/strong><\/p>\n<p>\u015eirket, \u0130lgili Ki\u015fi\u2019ye ait ki\u015fisel verileri ve bu ki\u015fisel verileri kullan\u0131larak elde etti\u011fi yeni verileri, i\u015fbu Gizlilik Politikas\u0131 ile belirlenen ama\u00e7lar\u0131n ger\u00e7ekle\u015ftirilebilmesi i\u00e7in \u015eirket\u2019in hizmetlerinden faydaland\u0131\u011f\u0131 yurt i\u00e7inden veya yurt d\u0131\u015f\u0131ndan \u00fc\u00e7\u00fcnc\u00fc ki\u015filere, s\u00f6z konusu hizmetlerin temini amac\u0131yla s\u0131n\u0131rl\u0131 olmak \u00fczere aktarabilecektir.<\/p>\n<p>\u015eirket, Veri Sahibi deneyiminin geli\u015ftirilmesi (iyile\u015ftirme ve ki\u015fiselle\u015ftirme de dahil olmak \u00fczere), Veri Sahibi\u2019nin g\u00fcvenli\u011fini sa\u011flamak, hileli ya da izinsiz kullan\u0131mlar\u0131 tespit etmek, operasyonel de\u011ferlendirme ara\u015ft\u0131r\u0131lmas\u0131, Site hizmetlerine ili\u015fkin hatalar\u0131n giderilmesi ve i\u015fbu Gizlilik Politikas\u0131\u2019nda yer alan ama\u00e7lardan herhangi birisinin ger\u00e7ekle\u015ftirilebilmesi i\u00e7in SMS g\u00f6nderimi yapanlar da dahil olmak \u00fczere d\u0131\u015f kaynak hizmet sa\u011flay\u0131c\u0131lar\u0131, bar\u0131nd\u0131rma hizmet sa\u011flay\u0131c\u0131lar\u0131 (hosting servisleri), hukuk b\u00fcrolar\u0131, ara\u015ft\u0131rma \u015firketleri, \u00e7a\u011fr\u0131 merkezleri gibi \u00fc\u00e7\u00fcnc\u00fc ki\u015filer ile payla\u015fabilecektir.<\/p>\n<p>Veri Sahibi, yukar\u0131da belirtilen ama\u00e7larla s\u0131n\u0131rl\u0131 olmak kayd\u0131 ile bahsi ge\u00e7en \u00fc\u00e7\u00fcnc\u00fc taraflar\u0131n \u0130lgili Ki\u015fi\u2019nin ki\u015fisel verilerini d\u00fcnyan\u0131n her yerindeki sunucular\u0131nda saklayabilece\u011fini, bu hususa pe\u015finen muvafakat etti\u011fini kabul eder.<\/p>\n<p><strong>\u0130lgili Ki\u015filerin Haklar\u0131 Nelerdir?<\/strong><\/p>\n<p>KVK Kanunu\u2019nun 11. maddesi uyar\u0131nca \u0130lgili Ki\u015filer:<\/p>\n<p>(i) ki\u015fisel verilerinin i\u015flenip i\u015flenmedi\u011fini \u00f6\u011frenme,<br \/>\n(ii) ki\u015fisel verileri i\u015flenmi\u015fse buna ili\u015fkin bilgi talep etme,<br \/>\n(iii) ki\u015fisel verilerin i\u015flenme amac\u0131n\u0131 ve bunlar\u0131n amac\u0131na uygun kullan\u0131l\u0131p kullan\u0131lmad\u0131\u011f\u0131n\u0131 \u00f6\u011frenme,<br \/>\n(iv) yurt i\u00e7inde veya yurt d\u0131\u015f\u0131nda ki\u015fisel verilerin aktar\u0131ld\u0131\u011f\u0131 \u00fc\u00e7\u00fcnc\u00fc ki\u015fileri bilme,<br \/>\n(v) ki\u015fisel verilerin eksik veya yanl\u0131\u015f i\u015flenmi\u015f olmas\u0131 halinde bunlar\u0131n d\u00fczeltilmesini isteme ve bu kapsamda yap\u0131lan i\u015flemin ki\u015fisel verilerin aktar\u0131ld\u0131\u011f\u0131 \u00fc\u00e7\u00fcnc\u00fc ki\u015filere bildirilmesini isteme,<br \/>\n(vi) KVK Kanunu ve ilgili di\u011fer kanun h\u00fck\u00fcmlerine uygun olarak i\u015flenmi\u015f olmas\u0131na ra\u011fmen, i\u015flenmesini gerektiren sebeplerin ortadan kalkmas\u0131 halinde ki\u015fisel verilerin silinmesini veya yok edilmesini isteme ve bu kapsamda yap\u0131lan i\u015flemin ki\u015fisel verilerin aktar\u0131ld\u0131\u011f\u0131 \u00fc\u00e7\u00fcnc\u00fc ki\u015filere bildirilmesini isteme,<br \/>\n(vii) i\u015flenen verilerin m\u00fcnhas\u0131ran otomatik sistemler vas\u0131tas\u0131yla analiz edilmesi suretiyle ki\u015finin kendisi aleyhine bir sonucun ortaya \u00e7\u0131kmas\u0131na itiraz etme,<br \/>\n(viii) ki\u015fisel verilerin kanuna ayk\u0131r\u0131 olarak i\u015flenmesi sebebiyle zarara u\u011framas\u0131 halinde zarar\u0131n giderilmesini talep etmehaklar\u0131na sahiptir.<\/p>\n<p>S\u00f6z konusu haklar, ki\u015fisel veri sahipleri taraf\u0131ndan iletilmesi halinde 30 (otuz) g\u00fcn i\u00e7erisinde de\u011ferlendirilerek sonu\u00e7land\u0131r\u0131lacakt\u0131r. Taleplere ili\u015fkin olarak herhangi bir \u00fccret talep edilmemesi esas olmakla birlikte, i\u015flemin ayr\u0131ca bir maliyeti gerektirmesi halinde \u015eirket\u2019in KVK Kurulu taraf\u0131ndan belirlenen \u00fccret tarifesi \u00fczerinden \u00fccret talep etme hakk\u0131 sakl\u0131d\u0131r.<\/p>\n<p>\u0130lgili Ki\u015fi, i\u015fbu Gizlilik Politikas\u0131na konu bilgilerinin tam, do\u011fru ve g\u00fcncel oldu\u011funu, bu bilgilerde herhangi bir de\u011fi\u015fiklik olmas\u0131 halinde bunlar\u0131 derhal g\u00fcncelleyece\u011fini taahh\u00fct eder. Veri Sahibi\u2019nin g\u00fcncel bilgileri sa\u011flamam\u0131\u015f olmas\u0131 halinde \u015eirket\u2019in herhangi bir sorumlulu\u011fu olmayacakt\u0131r.<\/p>\n<p>Veri Sahibi, herhangi bir ki\u015fisel verisinin \u015eirket taraf\u0131ndan kullan\u0131lamamas\u0131 ile sonu\u00e7lanacak bir talepte bulunmas\u0131 halinde Site\u2019nin i\u015fleyi\u015finden tam olarak faydalanamayabilece\u011fini kabul ile bu kapsamda do\u011facak her t\u00fcrl\u00fc sorumlulu\u011fun kendisine ait olaca\u011f\u0131n\u0131 beyan eder.<\/p>\n<p><strong>Ki\u015fisel Verilerin Saklanma S\u00fcresi Nedir?<\/strong><\/p>\n<p>\u015eirket, \u0130lgili Ki\u015fi taraf\u0131ndan sa\u011flanan ki\u015fisel verileri, yukar\u0131da belirtilen i\u015fleme ama\u00e7lar\u0131n\u0131n gerektirdi\u011fi s\u00fcre boyunca mevzuatta \u00f6ng\u00f6r\u00fclen s\u00fcreler ya da hizmet kullan\u0131m\u0131 devam etti\u011fi m\u00fcddet\u00e7e saklayacakt\u0131r.<\/p>\n<p>Buna ek olarak, \u015eirket, \u0130lgili Ki\u015fi ile aras\u0131nda do\u011fabilecek herhangi bir uyu\u015fmazl\u0131k durumunda, uyu\u015fmazl\u0131k kapsam\u0131nda gerekli savunmalar\u0131n ger\u00e7ekle\u015ftirilebilmesi amac\u0131yla s\u0131n\u0131rl\u0131 olmak \u00fczere ve ilgili mevzuat uyar\u0131nca belirlenen zamana\u015f\u0131m\u0131 s\u00fcreleri boyunca ki\u015fisel verileri saklayabilecektir.<\/p>\n<p><strong>Veri G\u00fcvenli\u011fine \u0130li\u015fkin \u00d6nlemler ve Taahh\u00fctler Nelerdir?<\/strong><\/p>\n<p>\u015eirket, ilgili mevzuatta belirlenen veya i\u015fbu Gizlilik Politikas\u0131\u2019nda ifade edilen \u015fartlarda,<br \/>\n\u2022 ki\u015fisel verilerin hukuka ayk\u0131r\u0131 olarak i\u015flenmemesini,<br \/>\n\u2022 ki\u015fisel verilere hukuka ayk\u0131r\u0131 olarak eri\u015filmemesini ve<br \/>\n\u2022 ki\u015fisel verilerin muhafazas\u0131n\u0131<br \/>\nsa\u011flamak amac\u0131yla uygun g\u00fcvenlik d\u00fczeyini temin etmeye y\u00f6nelik gerekli teknik ve idari tedbirleri almay\u0131, gerekli denetimleri yapt\u0131rmay\u0131 taahh\u00fct eder.<\/p>\n<p>\u015eirket, \u0130lgili Ki\u015fi hakk\u0131nda elde etti\u011fi ki\u015fisel verileri i\u015fbu Gizlilik Politikas\u0131 ve Ki\u015fisel Verilerin Korunmas\u0131 Kanunu h\u00fck\u00fcmlerine ayk\u0131r\u0131 olarak ba\u015fkas\u0131na a\u00e7\u0131klayamaz ve i\u015fleme amac\u0131 d\u0131\u015f\u0131nda kullanamaz.<\/p>\n<p>Site \u00fczerinden ba\u015fka uygulamalara link verilmesi halinde, \u015eirket uygulamalar\u0131n gizlilik politikalar\u0131 ve i\u00e7eriklerine y\u00f6nelik herhangi bir sorumluluk ta\u015f\u0131mamaktad\u0131r.<\/p>\n<p><strong>\u00c7erezler (Cookie\u2019ler)<\/strong><\/p>\n<p>\u015eirketimiz Site\u2019mizden en verimli \u015fekilde faydalanabilmeniz ve kullan\u0131c\u0131 deneyiminizi geli\u015ftirebilmek ad\u0131na \u00e7erez ad\u0131 verilen teknolojiyi kullanmaktad\u0131r. \u00c7erez kullan\u0131lmas\u0131n\u0131 tercih etmezseniz taray\u0131c\u0131n\u0131z\u0131n ayarlar\u0131ndan \u00c7erez\u2019leri silebilir ya da engelleyebilirsiniz. Ancak bunun Site\u2019mizi kullan\u0131m\u0131n\u0131z\u0131 etkileyebilece\u011fini hat\u0131rlatmak isteriz.<\/p>\n<p>Taray\u0131c\u0131n\u0131zdan \u00c7erez ayarlar\u0131n\u0131z\u0131 de\u011fi\u015ftirmedi\u011finiz s\u00fcrece bu sitede \u00e7erez kullan\u0131m\u0131n\u0131 kabul etti\u011finiz varsay\u0131lmaktad\u0131r.<\/p>\n<p><strong>Gizlilik Politikas\u0131\u2019ndaki De\u011fi\u015fiklikler<\/strong><\/p>\n<p>\u015eirket, i\u015fbu Gizlilik Politikas\u0131 h\u00fck\u00fcmlerini diledi\u011fi zaman de\u011fi\u015ftirebilir. G\u00fcncel Gizlilik Politikas\u0131, \u0130lgili Ki\u015fi\u2019ye eposta ile g\u00f6nderilmek suretiyle y\u00fcr\u00fcrl\u00fck kazanacakt\u0131r \u0130\u015fleme ama\u00e7lar\u0131nda de\u011fi\u015fiklikler olmas\u0131 durumunda ilgili Ki\u015filer\u2019den a\u00e7\u0131k r\u0131za al\u0131nacakt\u0131r.<\/p>\n<p>&nbsp;<\/p>\n","protected":false},"excerpt":{"rendered":"<p>HOLONET B\u0130L\u0130\u015e\u0130M TEKNOLOJ\u0130LER\u0130 SANAY\u0130 VE T\u0130CARET A.\u015e. G\u0130ZL\u0130L\u0130K POL\u0130T\u0130KASI \u0130\u015fbu HOLONET B\u0130L\u0130\u015e\u0130M TEKNOLOJ\u0130LER\u0130 SANAY\u0130 VE T\u0130CARET A.\u015e. Gizlilik Politikas\u0131\u2019n\u0131n (\u201cGizlilik Politikas\u0131\u201d) amac\u0131, Holonet Bili\u015fim Teknolojileri Sanayi ve Ticaret A.\u015e. (\u201c\u015eirket\u201d) taraf\u0131ndan i\u015fletilmekte olan www.holonext.com internet sitesinin (\u201cSite\u201d) i\u015fletilmesi s\u0131ras\u0131nda Site kullan\u0131c\u0131lar\u0131, \u00fcyeleri veya ziyaret\u00e7ileri (\u201cVeri Sahibi\u201d) taraf\u0131ndan \u015eirket ile payla\u015f\u0131lan veya \u015eirket\u2019in, \u0130lgili Ki\u015fi\u2019lerin Site\u2019yi [&hellip;]<\/p>\n","protected":false},"author":1,"featured_media":0,"parent":0,"menu_order":0,"comment_status":"closed","ping_status":"closed","template":"","meta":{"_et_pb_use_builder":"","_et_pb_old_content":"","_et_gb_content_width":"","footnotes":""},"class_list":["post-230255","page","type-page","status-publish","hentry"],"_links":{"self":[{"href":"https:\/\/holonext.com\/tr\/wp-json\/wp\/v2\/pages\/230255","targetHints":{"allow":["GET"]}}],"collection":[{"href":"https:\/\/holonext.com\/tr\/wp-json\/wp\/v2\/pages"}],"about":[{"href":"https:\/\/holonext.com\/tr\/wp-json\/wp\/v2\/types\/page"}],"author":[{"embeddable":true,"href":"https:\/\/holonext.com\/tr\/wp-json\/wp\/v2\/users\/1"}],"replies":[{"embeddable":true,"href":"https:\/\/holonext.com\/tr\/wp-json\/wp\/v2\/comments?post=230255"}],"version-history":[{"count":2,"href":"https:\/\/holonext.com\/tr\/wp-json\/wp\/v2\/pages\/230255\/revisions"}],"predecessor-version":[{"id":230257,"href":"https:\/\/holonext.com\/tr\/wp-json\/wp\/v2\/pages\/230255\/revisions\/230257"}],"wp:attachment":[{"href":"https:\/\/holonext.com\/tr\/wp-json\/wp\/v2\/media?parent=230255"}],"curies":[{"name":"wp","href":"https:\/\/api.w.org\/{rel}","templated":true}]}}